{"id":953,"date":"2023-12-03T21:28:20","date_gmt":"2023-12-03T19:28:20","guid":{"rendered":"http:\/\/www.samariter.huwyler.photos\/?page_id=953"},"modified":"2024-01-29T22:29:03","modified_gmt":"2024-01-29T20:29:03","slug":"datenschutz-samariter-schweiz","status":"publish","type":"page","link":"https:\/\/www.samariter.huwyler.photos\/?page_id=953","title":{"rendered":"Datenschutz"},"content":{"rendered":"\n<p>Hier finden sie die -><a href=\"http:\/\/samariter.ch\/datenschutz\" data-type=\"link\" data-id=\"samariter.ch\/datenschutz\" target=\"_blank\" rel=\"noreferrer noopener\"> Datenschutzbestimmungen Samariter Schweiz<\/a><\/p>\n","protected":false},"excerpt":{"rendered":"<p>Hier finden sie die -> Datenschutzbestimmungen Samariter Schweiz<\/p>\n","protected":false},"author":1,"featured_media":0,"parent":0,"menu_order":0,"comment_status":"closed","ping_status":"closed","template":"","meta":{"jetpack_post_was_ever_published":false,"footnotes":""},"class_list":["post-953","page","type-page","status-publish","hentry"],"jetpack_sharing_enabled":true,"jetpack_shortlink":"https:\/\/wp.me\/P924LW-fn","jetpack-related-posts":[{"id":504,"url":"https:\/\/www.samariter.huwyler.photos\/?page_id=504","url_meta":{"origin":953,"position":0},"title":"Jahresprogramm","author":"Thomas Huwiler","date":"27. Oktober 2019","format":false,"excerpt":"Hier finden Sie unser Jahresprogramm","rel":"","context":"\u00c4hnlicher Beitrag","block_context":{"text":"\u00c4hnlicher Beitrag","link":""},"img":{"alt_text":"","src":"","width":0,"height":0},"classes":[]},{"id":325,"url":"https:\/\/www.samariter.huwyler.photos\/?page_id=325","url_meta":{"origin":953,"position":1},"title":"Blutspende","author":"Thomas Huwiler","date":"7. M\u00e4rz 2017","format":false,"excerpt":"Der Bedarf an Blutspenderinnen und Blutspendern steigt weil: viele langj\u00e4hrige treue Blutspender\/innen altershalber ausscheiden, es um einen treuen Blutspender\/in zu ersetzen, vier neue Spender\/innen braucht, ver\u00e4nderte Lebensgewohnheiten dazu f\u00fchren, dass Spender\/innen weniger h\u00e4ufig spenden. Ob treue\/r Blutspender\/in oder Neuspender\/in \u2013 nutzen auch Sie die Gelegenheit Blut zu spenden! Nach Ihrer\u2026","rel":"","context":"\u00c4hnlicher Beitrag","block_context":{"text":"\u00c4hnlicher Beitrag","link":""},"img":{"alt_text":"","src":"https:\/\/i0.wp.com\/www.samariter.huwyler.photos\/wp-content\/uploads\/2017\/02\/10sami_blutspender-300x182.jpg?resize=350%2C200","width":350,"height":200},"classes":[]},{"id":15,"url":"https:\/\/www.samariter.huwyler.photos\/?page_id=15","url_meta":{"origin":953,"position":2},"title":"Sanit\u00e4tsdienst","author":"Thomas Huwiler","date":"28. Dezember 2016","format":false,"excerpt":"An zahlreichen Anl\u00e4ssen in unserem Einzugsgebiet leisten wir Sanit\u00e4tsdienst.Mit unserem Material und der Ausbildung unseres Postenpersonales erf\u00fcllen wir die Richtlinien das SSB und IVR f\u00fcr den Sanit\u00e4tsdienst. Ein paar Anl\u00e4sse an welchen wir Sanit\u00e4tsdienst leisten:- Rooter Dorfturnier- Ausscheidungsturnier Sch\u00fclerturnier- Michaelskreuz Schwingen- Michaelskreuz Rennen- Dorfturnier Dierikon- Fasnachtsumzug Root- Horrorball Root- Tr\u00f6pfeler\u2026","rel":"","context":"\u00c4hnlicher Beitrag","block_context":{"text":"\u00c4hnlicher Beitrag","link":""},"img":{"alt_text":"","src":"","width":0,"height":0},"classes":[]},{"id":936,"url":"https:\/\/www.samariter.huwyler.photos\/?page_id=936","url_meta":{"origin":953,"position":3},"title":"Beherzt Spenden","author":"Thomas Huwiler","date":"8. November 2023","format":false,"excerpt":"Warum Ihre Spende bei uns in guten H\u00e4nden ist Sehr geehrte Freunde und G\u00f6nnerGanz herzlich danken wir f\u00fcr Ihre Treue und das Wohlwollen gegen\u00fcber unserem Verein. Nach wie vor sind wir auf Ihre Spende angewiesen, damit der Samariterverein Root und Umgebung all seine Aufgaben weiterhin wahrnehmen kann. Wir ben\u00f6tigen den\u2026","rel":"","context":"\u00c4hnlicher Beitrag","block_context":{"text":"\u00c4hnlicher Beitrag","link":""},"img":{"alt_text":"","src":"https:\/\/i0.wp.com\/www.samariter.huwyler.photos\/wp-content\/uploads\/2023\/11\/TWINT_Individueller-Betrag_DE.png?resize=350%2C200&ssl=1","width":350,"height":200,"srcset":"https:\/\/i0.wp.com\/www.samariter.huwyler.photos\/wp-content\/uploads\/2023\/11\/TWINT_Individueller-Betrag_DE.png?resize=350%2C200&ssl=1 1x, https:\/\/i0.wp.com\/www.samariter.huwyler.photos\/wp-content\/uploads\/2023\/11\/TWINT_Individueller-Betrag_DE.png?resize=525%2C300&ssl=1 1.5x, https:\/\/i0.wp.com\/www.samariter.huwyler.photos\/wp-content\/uploads\/2023\/11\/TWINT_Individueller-Betrag_DE.png?resize=700%2C400&ssl=1 2x, https:\/\/i0.wp.com\/www.samariter.huwyler.photos\/wp-content\/uploads\/2023\/11\/TWINT_Individueller-Betrag_DE.png?resize=1050%2C600&ssl=1 3x"},"classes":[]},{"id":160,"url":"https:\/\/www.samariter.huwyler.photos\/?page_id=160","url_meta":{"origin":953,"position":4},"title":"Nothilfekurs &#8211; Blended Learning","author":"Thomas Huwiler","date":"16. Februar 2017","format":false,"excerpt":"Beschreibung\u00a0 Der Selbstlern-Nothilfekurs f\u00fcr F\u00fchrerausweiserwerbende Im Nothilfekurs erlernen Sie lebensrettende Sofortmassnahmen. Diese erm\u00f6glichen es Ihnen, bei Verkehrsunf\u00e4llen sicher Erste Hilfe zu leisten und bei medizinischen Notf\u00e4llen die richtigen Massnahmen zu treffen. Der Kurs ist f\u00fcr F\u00fchrerausweiserwerbende obligatorisch. Im Gegensatz zum herk\u00f6mmlichen Nothilfekurs besteht dieser Kurs aus einem Selbstlernteil f\u00fcr die\u2026","rel":"","context":"\u00c4hnlicher Beitrag","block_context":{"text":"\u00c4hnlicher Beitrag","link":""},"img":{"alt_text":"","src":"","width":0,"height":0},"classes":[]},{"id":36,"url":"https:\/\/www.samariter.huwyler.photos\/?page_id=36","url_meta":{"origin":953,"position":5},"title":"Nothilfekurs","author":"Thomas Huwiler","date":"29. Dezember 2016","format":false,"excerpt":"Beschreibung\u00a0 Der obligatorische Erste-Hilfe-Kurs f\u00fcr F\u00fchrerausweiserwerbende Im Nothilfekurs erlernen Sie lebensrettende Sofortmassnahmen. Diese erm\u00f6glichen es Ihnen, bei Verkehrsunf\u00e4llen sicher Erste Hilfe zu leisten und bei medizinischen Notf\u00e4llen die richtigen Massnahmen zu treffen. Der Kurs ist f\u00fcr F\u00fchrerausweiserwerbende obligatorisch. Flyer zum Download Inhalt Auf abwechslungsreiche und spielerische Weise trainieren Sie in\u2026","rel":"","context":"\u00c4hnlicher Beitrag","block_context":{"text":"\u00c4hnlicher Beitrag","link":""},"img":{"alt_text":"","src":"https:\/\/i0.wp.com\/www.samariter.huwyler.photos\/wp-content\/uploads\/2017\/02\/7Sami_Autofahrer_seitlich-283x300.jpg?resize=350%2C200","width":350,"height":200},"classes":[]}],"jetpack_likes_enabled":true,"_links":{"self":[{"href":"https:\/\/www.samariter.huwyler.photos\/index.php?rest_route=\/wp\/v2\/pages\/953","targetHints":{"allow":["GET"]}}],"collection":[{"href":"https:\/\/www.samariter.huwyler.photos\/index.php?rest_route=\/wp\/v2\/pages"}],"about":[{"href":"https:\/\/www.samariter.huwyler.photos\/index.php?rest_route=\/wp\/v2\/types\/page"}],"author":[{"embeddable":true,"href":"https:\/\/www.samariter.huwyler.photos\/index.php?rest_route=\/wp\/v2\/users\/1"}],"replies":[{"embeddable":true,"href":"https:\/\/www.samariter.huwyler.photos\/index.php?rest_route=%2Fwp%2Fv2%2Fcomments&post=953"}],"version-history":[{"count":3,"href":"https:\/\/www.samariter.huwyler.photos\/index.php?rest_route=\/wp\/v2\/pages\/953\/revisions"}],"predecessor-version":[{"id":987,"href":"https:\/\/www.samariter.huwyler.photos\/index.php?rest_route=\/wp\/v2\/pages\/953\/revisions\/987"}],"wp:attachment":[{"href":"https:\/\/www.samariter.huwyler.photos\/index.php?rest_route=%2Fwp%2Fv2%2Fmedia&parent=953"}],"curies":[{"name":"wp","href":"https:\/\/api.w.org\/{rel}","templated":true}]}}