{"id":919,"date":"2026-03-03T01:36:48","date_gmt":"2026-03-02T23:36:48","guid":{"rendered":"http:\/\/www.samariter.huwyler.photos\/?page_id=919"},"modified":"2026-03-03T01:36:48","modified_gmt":"2026-03-02T23:36:48","slug":"jahresprogramm-2024","status":"publish","type":"page","link":"https:\/\/www.samariter.huwyler.photos\/?page_id=919","title":{"rendered":"Jahresprogramm 2026"},"content":{"rendered":"\n\n<table id=\"tablepress-19\" class=\"tablepress tablepress-id-19\">\n<thead>\n<tr class=\"row-1\">\n\t<th class=\"column-1\">Datum<\/th><th class=\"column-2\">Zeit<\/th><th class=\"column-3\">Thema \/ Anlass<\/th><th class=\"column-4\">Ort \/ Bemerkung<\/th>\n<\/tr>\n<\/thead>\n<tbody class=\"row-striping row-hover\">\n<tr class=\"row-2\">\n\t<td class=\"column-1\">13. Januar 2026<\/td><td class=\"column-2\">20:00<\/td><td class=\"column-3\">Stufe 2 Refresher 1. Teil<\/td><td class=\"column-4\">Root<\/td>\n<\/tr>\n<tr class=\"row-3\">\n\t<td class=\"column-1\">3. Februar 2026<\/td><td class=\"column-2\">19:30<\/td><td class=\"column-3\">Stufe 2 Refresher 1. Teil<\/td><td class=\"column-4\">Buchrain<\/td>\n<\/tr>\n<tr class=\"row-4\">\n\t<td class=\"column-1\">27. Februar 2026 (Freitag)<\/td><td class=\"column-2\">19:30<\/td><td class=\"column-3\">GV<\/td><td class=\"column-4\">Restaurant Tell, Gisikon<\/td>\n<\/tr>\n<tr class=\"row-5\">\n\t<td class=\"column-1\">3. M\u00e4rz 2026<\/td><td class=\"column-2\">19:30<\/td><td class=\"column-3\">Stufe 2 Refresher 1. Teil<\/td><td class=\"column-4\">Ebikon<\/td>\n<\/tr>\n<tr class=\"row-6\">\n\t<td class=\"column-1\">3. M\u00e4rz 2026<\/td><td class=\"column-2\">19:30<\/td><td class=\"column-3\">Stufe 2 Refresher 2. Teil<\/td><td class=\"column-4\">Buchrain<\/td>\n<\/tr>\n<tr class=\"row-7\">\n\t<td class=\"column-1\">17. M\u00e4rz 2026<\/td><td class=\"column-2\">20:00<\/td><td class=\"column-3\">Stufe 2 Refresher 2. Teil<\/td><td class=\"column-4\">Root<\/td>\n<\/tr>\n<tr class=\"row-8\">\n\t<td class=\"column-1\">21. April 2026<\/td><td class=\"column-2\">19:30<\/td><td class=\"column-3\">Stufe 2 Refresher 2. Teil<\/td><td class=\"column-4\">Ebikon<\/td>\n<\/tr>\n<tr class=\"row-9\">\n\t<td class=\"column-1\">21. April 2026<\/td><td class=\"column-2\">20:00<\/td><td class=\"column-3\">Stufe 2 Refresher 3. Teil<\/td><td class=\"column-4\">Root<\/td>\n<\/tr>\n<tr class=\"row-10\">\n\t<td class=\"column-1\">22. April 2026 (Mittwoch)<\/td><td class=\"column-2\">19:30<\/td><td class=\"column-3\">Stufe 2 Refresher 3. Teil<\/td><td class=\"column-4\">Buchrain<\/td>\n<\/tr>\n<tr class=\"row-11\">\n\t<td class=\"column-1\">25. April 2026 (Samstag)<\/td><td class=\"column-2\"><\/td><td class=\"column-3\">Ausflug REGA<\/td><td class=\"column-4\"><\/td>\n<\/tr>\n<tr class=\"row-12\">\n\t<td class=\"column-1\">5. Mai 2026<\/td><td class=\"column-2\">19:30<\/td><td class=\"column-3\">Besuch SV Ebikon &amp; Buchrain \u2013 Gleich und Anders Schweiz<\/td><td class=\"column-4\">Root<\/td>\n<\/tr>\n<tr class=\"row-13\">\n\t<td class=\"column-1\">9. Juni 2026 (Dienstag)<\/td><td class=\"column-2\">19:30<\/td><td class=\"column-3\">Reusstaltreffen<\/td><td class=\"column-4\">Rotkreuz<\/td>\n<\/tr>\n<tr class=\"row-14\">\n\t<td class=\"column-1\">9. Juni 2026<\/td><td class=\"column-2\">19:30<\/td><td class=\"column-3\">Stufe 2 Refresher 4. Teil<\/td><td class=\"column-4\">Buchrain<\/td>\n<\/tr>\n<tr class=\"row-15\">\n\t<td class=\"column-1\">23. Juni 2026<\/td><td class=\"column-2\">20:00<\/td><td class=\"column-3\">Stufe 2 Refresher 4. Teil<\/td><td class=\"column-4\">Root<\/td>\n<\/tr>\n<tr class=\"row-16\">\n\t<td class=\"column-1\">30. Juni 2026<\/td><td class=\"column-2\">19:30<\/td><td class=\"column-3\">Stufe 2 Refresher 3. Teil<\/td><td class=\"column-4\">Ebikon<\/td>\n<\/tr>\n<tr class=\"row-17\">\n\t<td class=\"column-1\">10. Juli 2026 (Freitag)<\/td><td class=\"column-2\">ab 18:00<\/td><td class=\"column-3\">Ferienplausch<\/td><td class=\"column-4\"><\/td>\n<\/tr>\n<tr class=\"row-18\">\n\t<td class=\"column-1\">25. August 2026<\/td><td class=\"column-2\">19:30<\/td><td class=\"column-3\">\u00dcbung beim SV Risch-Rotkreuz<\/td><td class=\"column-4\"><\/td>\n<\/tr>\n<tr class=\"row-19\">\n\t<td class=\"column-1\">8. September 2026<\/td><td class=\"column-2\">19:30<\/td><td class=\"column-3\">Gemeinschafts\u00fcbung<\/td><td class=\"column-4\">Ebikon<\/td>\n<\/tr>\n<tr class=\"row-20\">\n\t<td class=\"column-1\">14. September 2026 (Montag)<\/td><td class=\"column-2\">14:00<\/td><td class=\"column-3\">Samariter Treffen<\/td><td class=\"column-4\">Restaurant Villaggio \u2013 Anmeldung bis 30. August 2026 bei Theres Schraner<\/td>\n<\/tr>\n<tr class=\"row-21\">\n\t<td class=\"column-1\">27. Oktober 2026<\/td><td class=\"column-2\">19:30<\/td><td class=\"column-3\">Besuch SV Buchrain &amp; Ebikon \u2013 Thema: Bergen<\/td><td class=\"column-4\"><\/td>\n<\/tr>\n<tr class=\"row-22\">\n\t<td class=\"column-1\">3. November 2026<\/td><td class=\"column-2\">19:30<\/td><td class=\"column-3\">Stufe 2 Refresher 4. Teil<\/td><td class=\"column-4\">Ebikon<\/td>\n<\/tr>\n<tr class=\"row-23\">\n\t<td class=\"column-1\">10. November 2026<\/td><td class=\"column-2\">20:00<\/td><td class=\"column-3\">Arztvortrag mit Buchrain &amp; Ebikon<\/td><td class=\"column-4\"><\/td>\n<\/tr>\n<tr class=\"row-24\">\n\t<td class=\"column-1\">24. November 2026<\/td><td class=\"column-2\">19:30<\/td><td class=\"column-3\">Chlaush\u00f6ck im Samariterlokal<\/td><td class=\"column-4\"><\/td>\n<\/tr>\n<tr class=\"row-25\">\n\t<td class=\"column-1\">12. Januar 2027<\/td><td class=\"column-2\">20:00<\/td><td class=\"column-3\">Verband- &amp; R\u00e4tsel-Abend<\/td><td class=\"column-4\"><\/td>\n<\/tr>\n<tr class=\"row-26\">\n\t<td class=\"column-1\">23. Januar 2027 (Samstag)<\/td><td class=\"column-2\"><\/td><td class=\"column-3\">GV, Mitgliederversammlung<\/td><td class=\"column-4\"><\/td>\n<\/tr>\n<\/tbody>\n<\/table>\n<!-- #tablepress-19 from cache -->\n\n\n\n<p><a href=\"http:\/\/www.samariter.huwyler.photos\/wp-content\/uploads\/2026\/02\/Jahresprogramm-2026-Definitiv.pdf\" target=\"_blank\" rel=\"noreferrer noopener\">Wir empfehlen Ihnen, unser Jahresprogramm herunter zu laden, da es weitere n\u00fctzliche Informationen enth\u00e4lt.<\/a><\/p>\n\n\n\n<h2 class=\"wp-block-heading\"><em>Blutspenden:<\/em><\/h2>\n\n\n\n<p>10. M\u00e4rz \/ 20. Oktober<\/p>\n\n\n\n<p>17:00-20:00 Uhr, im Pfarreiheim Root, Schulstrasse 7<\/p>\n\n\n\n<figure class=\"wp-block-image\"><img data-recalc-dims=\"1\" decoding=\"async\" src=\"https:\/\/i0.wp.com\/www.samariter.huwyler.photos\/wp-content\/uploads\/2017\/02\/10sami_blutspender-e1523294328223.jpg?w=860\" alt=\"Dieses Bild hat ein leeres Alt-Attribut. Der Dateiname ist 10sami_blutspender-e1523294328223.jpg\"\/><\/figure>\n\n\n\n<h2 class=\"wp-block-heading\"><strong><em>Nothilfekurse:<\/em><\/strong><\/h2>\n\n\n\n<p><strong>Freitag\/Samstag, 06. \/07. M\u00e4rz&nbsp;&nbsp;&nbsp;&nbsp;&nbsp;&nbsp;&nbsp;&nbsp;&nbsp;&nbsp;&nbsp;&nbsp;&nbsp;&nbsp;&nbsp;&nbsp;&nbsp;&nbsp;&nbsp;&nbsp;&nbsp;&nbsp;&nbsp;&nbsp;&nbsp; <\/strong><\/p>\n\n\n\n<p>Fr: 19:00-22:00 \/ Sa: 08:30 \u2013 12:00 \/ 13:00 \u2013 16:30 Uhr<\/p>\n\n\n\n<p><strong>Freitag\/Samstag, 01. \/ 02. Mai<\/strong><\/p>\n\n\n\n<p>Fr: 19:00 \u2013 22:00 \/ Sa: 08:30 \u2013 12:00 \/ 13:00 \u2013 16:30 Uhr<\/p>\n\n\n\n<p><strong>Freitag \/Samstag, 30. \/31. Oktober<\/strong><\/p>\n\n\n\n<p>Fr: 19:00 \u2013 22:00 \/ Sa: 08:30 \u2013 12:00 \/ 13:00 \u2013 16:30 Uhr<\/p>\n","protected":false},"excerpt":{"rendered":"<p>Wir empfehlen Ihnen, unser Jahresprogramm herunter zu laden, da es weitere n\u00fctzliche Informationen enth\u00e4lt. Blutspenden: 10. M\u00e4rz \/ 20. Oktober 17:00-20:00 Uhr, im Pfarreiheim Root, Schulstrasse 7 Nothilfekurse: Freitag\/Samstag, 06. \/07. M\u00e4rz&nbsp;&nbsp;&nbsp;&nbsp;&nbsp;&nbsp;&nbsp;&nbsp;&nbsp;&nbsp;&nbsp;&nbsp;&nbsp;&nbsp;&nbsp;&nbsp;&nbsp;&nbsp;&nbsp;&nbsp;&nbsp;&nbsp;&nbsp;&nbsp;&nbsp; Fr: 19:00-22:00 \/ Sa: 08:30 \u2013 12:00 \/ 13:00 \u2013 16:30 Uhr Freitag\/Samstag, 01. \/ 02. Mai Fr: 19:00 \u2013 22:00 \/ Sa: 08:30 \u2013 12:00 \/ 13:00<\/p>\n","protected":false},"author":1,"featured_media":0,"parent":504,"menu_order":1,"comment_status":"closed","ping_status":"closed","template":"","meta":{"jetpack_post_was_ever_published":true,"footnotes":""},"class_list":["post-919","page","type-page","status-publish","hentry"],"jetpack_sharing_enabled":true,"jetpack_shortlink":"https:\/\/wp.me\/P924LW-eP","jetpack-related-posts":[{"id":1069,"url":"https:\/\/www.samariter.huwyler.photos\/?page_id=1069","url_meta":{"origin":919,"position":0},"title":"Jahresprogramm 2026","author":"Thomas Huwiler","date":"3. M\u00e4rz 2026","format":false,"excerpt":"[Table id=19 \/] Wir empfehlen Ihnen, unser Jahresprogramm herunter zu laden, da es weitere n\u00fctzliche Informationen enth\u00e4lt. Blutspenden: 10. M\u00e4rz \/ 20. Oktober 17:00-20:00 Uhr, im Pfarreiheim Root, Schulstrasse 7 Nothilfekurse: Freitag\/Samstag, 06. \/07. M\u00e4rz\u00a0\u00a0\u00a0\u00a0\u00a0\u00a0\u00a0\u00a0\u00a0\u00a0\u00a0\u00a0\u00a0\u00a0\u00a0\u00a0\u00a0\u00a0\u00a0\u00a0\u00a0\u00a0\u00a0\u00a0\u00a0 Fr: 19:00-22:00 \/ Sa: 08:30 \u2013 12:00 \/ 13:00 \u2013 16:30 Uhr Freitag\/Samstag, 01. \/\u2026","rel":"","context":"\u00c4hnlicher Beitrag","block_context":{"text":"\u00c4hnlicher Beitrag","link":""},"img":{"alt_text":"","src":"","width":0,"height":0},"classes":[]},{"id":504,"url":"https:\/\/www.samariter.huwyler.photos\/?page_id=504","url_meta":{"origin":919,"position":1},"title":"Jahresprogramm","author":"Thomas Huwiler","date":"27. Oktober 2019","format":false,"excerpt":"Hier finden Sie unser Jahresprogramm","rel":"","context":"\u00c4hnlicher Beitrag","block_context":{"text":"\u00c4hnlicher Beitrag","link":""},"img":{"alt_text":"","src":"","width":0,"height":0},"classes":[]},{"id":325,"url":"https:\/\/www.samariter.huwyler.photos\/?page_id=325","url_meta":{"origin":919,"position":2},"title":"Blutspende","author":"Thomas Huwiler","date":"7. M\u00e4rz 2017","format":false,"excerpt":"Der Bedarf an Blutspenderinnen und Blutspendern steigt weil: viele langj\u00e4hrige treue Blutspender\/innen altershalber ausscheiden, es um einen treuen Blutspender\/in zu ersetzen, vier neue Spender\/innen braucht, ver\u00e4nderte Lebensgewohnheiten dazu f\u00fchren, dass Spender\/innen weniger h\u00e4ufig spenden. Ob treue\/r Blutspender\/in oder Neuspender\/in \u2013 nutzen auch Sie die Gelegenheit Blut zu spenden! Nach Ihrer\u2026","rel":"","context":"\u00c4hnlicher Beitrag","block_context":{"text":"\u00c4hnlicher Beitrag","link":""},"img":{"alt_text":"","src":"https:\/\/i0.wp.com\/www.samariter.huwyler.photos\/wp-content\/uploads\/2017\/02\/10sami_blutspender-300x182.jpg?resize=350%2C200","width":350,"height":200},"classes":[]}],"jetpack_likes_enabled":true,"_links":{"self":[{"href":"https:\/\/www.samariter.huwyler.photos\/index.php?rest_route=\/wp\/v2\/pages\/919","targetHints":{"allow":["GET"]}}],"collection":[{"href":"https:\/\/www.samariter.huwyler.photos\/index.php?rest_route=\/wp\/v2\/pages"}],"about":[{"href":"https:\/\/www.samariter.huwyler.photos\/index.php?rest_route=\/wp\/v2\/types\/page"}],"author":[{"embeddable":true,"href":"https:\/\/www.samariter.huwyler.photos\/index.php?rest_route=\/wp\/v2\/users\/1"}],"replies":[{"embeddable":true,"href":"https:\/\/www.samariter.huwyler.photos\/index.php?rest_route=%2Fwp%2Fv2%2Fcomments&post=919"}],"version-history":[{"count":6,"href":"https:\/\/www.samariter.huwyler.photos\/index.php?rest_route=\/wp\/v2\/pages\/919\/revisions"}],"predecessor-version":[{"id":1067,"href":"https:\/\/www.samariter.huwyler.photos\/index.php?rest_route=\/wp\/v2\/pages\/919\/revisions\/1067"}],"up":[{"embeddable":true,"href":"https:\/\/www.samariter.huwyler.photos\/index.php?rest_route=\/wp\/v2\/pages\/504"}],"wp:attachment":[{"href":"https:\/\/www.samariter.huwyler.photos\/index.php?rest_route=%2Fwp%2Fv2%2Fmedia&parent=919"}],"curies":[{"name":"wp","href":"https:\/\/api.w.org\/{rel}","templated":true}]}}