{"id":38,"date":"2016-12-29T10:55:14","date_gmt":"2016-12-29T10:55:14","guid":{"rendered":"http:\/\/www.samariter.huwyler.photos\/?page_id=38"},"modified":"2026-03-03T02:32:18","modified_gmt":"2026-03-03T00:32:18","slug":"kursanmeldung","status":"publish","type":"page","link":"https:\/\/www.samariter.huwyler.photos\/?page_id=38","title":{"rendered":"Kursanmeldung"},"content":{"rendered":"\n<p class=\"has-text-color\" style=\"color:#f11111\"><\/p>\n\n\n<p>Zur Zeit haben wir folgende Kurse ausgesghrieben:<\/p>\n<p>Um den Zahlungsverkehr zu vereinfachen und wir nicht mit den Kursbeitr\u00e4gen zur Bank gehen m\u00fcssen, m\u00f6chten wir euch bitten, den Kurs im Voraus auf unser Konto bei der Raiffeisenbank Root zu \u00fcberweisen.<\/p>\n<p>Unsere IBAN Nr.:<\/p>\n<p><strong>CH53 8080 8007 6924 8511 3<br \/><\/strong>Samariterverein Root und Umgebung<br \/>6037 Root<\/p>\n<p><iframe loading=\"lazy\" style=\"border-style: none; width: 100%; height: 1600px;\" src=\"https:\/\/oms.ivr-ias.ch\/OMS\/courselist.xhtml?locid=10982\" width=\"300\" height=\"150\" frameborder=\"0\" scrolling=\"yes\"><br \/><\/iframe>Falls die Kursliste nicht angezeigt wird oder sie keinen passenden Termin befinden haben, gibt Ihnen die Zentrale Kursanmelde (ZAS) vom SRK Luzern gerne Auskunft \u00fcber die ausgeschriebenen Kurse.<\/p>\n<div class=\"field field--name-field-person-company field--type-text field--label-hidden\">\n<div class=\"field__items\">\n<div class=\"field__item even\">\n<p><a href=\"https:\/\/www.srk-luzern.ch\/wissen-fuers-lebenbildung\/nothilfe-und-notfaelle\" target=\"_blank\" rel=\"noopener noreferrer\">Kursliste ZAS<\/a><\/p>\n<p>Schweizerisches Rotes Kreuz Kanton Luzern<\/p>\n<p>Zentrale Kursanmeldestelle Samaritervereine<\/p>\n<\/div>\n<\/div>\n<\/div>\n<div class=\"field field--name-field-postal-address field--type-addressfield field--label-hidden\">\n<div class=\"field__items\">\n<div class=\"field__item even\">\n<div class=\"street-block\">\n<div class=\"thoroughfare\">Maihofstrasse 95c<\/div>\n<\/div>\n<div class=\"addressfield-container-inline locality-block country-CH\"><span class=\"postal-code\">6006<\/span> <span class=\"locality\">Luzern<\/span><\/div>\n<p><span class=\"country\">041 418 74 88 (Montag, Dienstgvormitag, Donnerstag erreichbar)<\/span><\/p>\n<\/div>\n<\/div>\n<\/div>\n<div class=\"field field--name-field-phone-contact field--type-telephone field--label-hidden\">\n<div class=\"field__items\">\n<div class=\"field__item even\">\u00a0<\/div>\n<\/div>\n<\/div>\n<div class=\"field field--name-field-webform-contact-reference field--type-entityreference field--label-hidden\">\n<div class=\"field__items\">\n<div class=\"field__item even\">\n<div class=\"ds-1col node node--webform view-mode-sidebar_teaser node--sidebar-teaser node--webform--sidebar-teaser clearfix\">\n<div class=\"field field--name-target-label field--type-ds field--label-hidden\">\n<div class=\"field__items\">\n<div class=\"field__item even\"><a class=\"webform-toggle\" href=\"https:\/\/www.srk-luzern.ch\/wissen-fuers-lebenbildung\/nothilfe-und-notfaelle#webform-client-form-128\">Kontakt<\/a><\/div>\n<\/div>\n<\/div>\n<\/div>\n<\/div>\n<\/div>\n<\/div>\n\n\n<p><\/p>\n","protected":false},"excerpt":{"rendered":"<p>Zur Zeit haben wir folgende Kurse ausgesghrieben: Um den Zahlungsverkehr zu vereinfachen und wir nicht mit den Kursbeitr\u00e4gen zur Bank gehen m\u00fcssen, m\u00f6chten wir euch bitten, den Kurs im Voraus auf unser Konto bei der Raiffeisenbank Root zu \u00fcberweisen. Unsere IBAN Nr.: CH53 8080 8007 6924 8511 3Samariterverein Root und Umgebung6037 Root Falls die Kursliste nicht angezeigt wird oder sie<\/p>\n","protected":false},"author":1,"featured_media":0,"parent":22,"menu_order":1,"comment_status":"closed","ping_status":"closed","template":"","meta":{"jetpack_post_was_ever_published":false,"footnotes":""},"class_list":["post-38","page","type-page","status-publish","hentry"],"jetpack_sharing_enabled":true,"jetpack_shortlink":"https:\/\/wp.me\/P924LW-C","jetpack-related-posts":[{"id":15,"url":"https:\/\/www.samariter.huwyler.photos\/?page_id=15","url_meta":{"origin":38,"position":0},"title":"Sanit\u00e4tsdienst","author":"Thomas Huwiler","date":"28. Dezember 2016","format":false,"excerpt":"An zahlreichen Anl\u00e4ssen in unserem Einzugsgebiet leisten wir Sanit\u00e4tsdienst.Mit unserem Material und der Ausbildung unseres Postenpersonales erf\u00fcllen wir die Richtlinien das SSB und IVR f\u00fcr den Sanit\u00e4tsdienst. Ein paar Anl\u00e4sse an welchen wir Sanit\u00e4tsdienst leisten:- Rooter Dorfturnier- Ausscheidungsturnier Sch\u00fclerturnier- Michaelskreuz Schwingen- Michaelskreuz Rennen- Dorfturnier Dierikon- Fasnachtsumzug Root- Horrorball Root- Tr\u00f6pfeler\u2026","rel":"","context":"\u00c4hnlicher Beitrag","block_context":{"text":"\u00c4hnlicher Beitrag","link":""},"img":{"alt_text":"","src":"","width":0,"height":0},"classes":[]},{"id":344,"url":"https:\/\/www.samariter.huwyler.photos\/?page_id=344","url_meta":{"origin":38,"position":1},"title":"Notf\u00e4lle bei Kleinkindern","author":"Thomas Huwiler","date":"12. M\u00e4rz 2017","format":false,"excerpt":"Im Kurs Notf\u00e4lle bei Kleinkindern erlernen Sie sicheres Handeln im Umgang mit Kindern in Notfallsituationen. Insbesondere liegt der Fokus des Kurses auf dem korrekten Vorgehen und der Anwendung von Erste-Hilfe-Massnahmen bei ansprechbaren, wie auch bewusstlosen oder leblosen Kindern. Inhalt Auf abwechslungsreiche und spielerische Weise trainieren Sie anhand realistisch nachgestellter Szenarien\u2026","rel":"","context":"\u00c4hnlicher Beitrag","block_context":{"text":"\u00c4hnlicher Beitrag","link":""},"img":{"alt_text":"","src":"","width":0,"height":0},"classes":[]},{"id":22,"url":"https:\/\/www.samariter.huwyler.photos\/?page_id=22","url_meta":{"origin":38,"position":2},"title":"Kurse","author":"Thomas Huwiler","date":"28. Dezember 2016","format":false,"excerpt":"Der Samariterverein verf\u00fcgt \u00fcber 2 Kursleter mit IVR 2. Dies erlaubt uns Nothilfe Kurse, BLS-AED und Individualkurse (fr\u00fcher Firmenkurse) durchzuf\u00fchren. Folgende Kurse haben wir im Moment im Angebot: Kursliste","rel":"","context":"\u00c4hnlicher Beitrag","block_context":{"text":"\u00c4hnlicher Beitrag","link":""},"img":{"alt_text":"","src":"https:\/\/i0.wp.com\/www.samariter.huwyler.photos\/wp-content\/uploads\/2017\/02\/58sami_wandtafel-292x300.jpg?resize=350%2C200","width":350,"height":200},"classes":[]},{"id":936,"url":"https:\/\/www.samariter.huwyler.photos\/?page_id=936","url_meta":{"origin":38,"position":3},"title":"Beherzt Spenden","author":"Thomas Huwiler","date":"8. November 2023","format":false,"excerpt":"Warum Ihre Spende bei uns in guten H\u00e4nden ist Sehr geehrte Freunde und G\u00f6nnerGanz herzlich danken wir f\u00fcr Ihre Treue und das Wohlwollen gegen\u00fcber unserem Verein. Nach wie vor sind wir auf Ihre Spende angewiesen, damit der Samariterverein Root und Umgebung all seine Aufgaben weiterhin wahrnehmen kann. Wir ben\u00f6tigen den\u2026","rel":"","context":"\u00c4hnlicher Beitrag","block_context":{"text":"\u00c4hnlicher Beitrag","link":""},"img":{"alt_text":"","src":"https:\/\/i0.wp.com\/www.samariter.huwyler.photos\/wp-content\/uploads\/2023\/11\/TWINT_Individueller-Betrag_DE.png?resize=350%2C200&ssl=1","width":350,"height":200,"srcset":"https:\/\/i0.wp.com\/www.samariter.huwyler.photos\/wp-content\/uploads\/2023\/11\/TWINT_Individueller-Betrag_DE.png?resize=350%2C200&ssl=1 1x, https:\/\/i0.wp.com\/www.samariter.huwyler.photos\/wp-content\/uploads\/2023\/11\/TWINT_Individueller-Betrag_DE.png?resize=525%2C300&ssl=1 1.5x, https:\/\/i0.wp.com\/www.samariter.huwyler.photos\/wp-content\/uploads\/2023\/11\/TWINT_Individueller-Betrag_DE.png?resize=700%2C400&ssl=1 2x, https:\/\/i0.wp.com\/www.samariter.huwyler.photos\/wp-content\/uploads\/2023\/11\/TWINT_Individueller-Betrag_DE.png?resize=1050%2C600&ssl=1 3x"},"classes":[]},{"id":160,"url":"https:\/\/www.samariter.huwyler.photos\/?page_id=160","url_meta":{"origin":38,"position":4},"title":"Nothilfekurs &#8211; Blended Learning","author":"Thomas Huwiler","date":"16. Februar 2017","format":false,"excerpt":"Beschreibung\u00a0 Der Selbstlern-Nothilfekurs f\u00fcr F\u00fchrerausweiserwerbende Im Nothilfekurs erlernen Sie lebensrettende Sofortmassnahmen. Diese erm\u00f6glichen es Ihnen, bei Verkehrsunf\u00e4llen sicher Erste Hilfe zu leisten und bei medizinischen Notf\u00e4llen die richtigen Massnahmen zu treffen. Der Kurs ist f\u00fcr F\u00fchrerausweiserwerbende obligatorisch. Im Gegensatz zum herk\u00f6mmlichen Nothilfekurs besteht dieser Kurs aus einem Selbstlernteil f\u00fcr die\u2026","rel":"","context":"\u00c4hnlicher Beitrag","block_context":{"text":"\u00c4hnlicher Beitrag","link":""},"img":{"alt_text":"","src":"","width":0,"height":0},"classes":[]},{"id":163,"url":"https:\/\/www.samariter.huwyler.photos\/?page_id=163","url_meta":{"origin":38,"position":5},"title":"BLS-AED-SRC Komplett","author":"Thomas Huwiler","date":"16. Februar 2017","format":false,"excerpt":"Beschreibung\u00a0 Der Komplettkurs f\u00fcr die grundlegenden Massnahmen zur Wiederbelebung Im Kurs BLS-AED-SRC Komplett (Generic Provider) erlernen Sie die wichtigsten lebensrettenden Massnahmen zur Wiederbelebung und deren Vertiefung und Anwendung bei Erwachsenen und Kindern in unterschiedlichen Situationen. \u00a0 Inhalt Auf abwechslungsreiche und spielerische Weise trainieren Sie in realistisch nachgestellten Szenen die BLS-AED-Massnahmen\u2026","rel":"","context":"\u00c4hnlicher Beitrag","block_context":{"text":"\u00c4hnlicher Beitrag","link":""},"img":{"alt_text":"","src":"","width":0,"height":0},"classes":[]}],"jetpack_likes_enabled":true,"_links":{"self":[{"href":"https:\/\/www.samariter.huwyler.photos\/index.php?rest_route=\/wp\/v2\/pages\/38","targetHints":{"allow":["GET"]}}],"collection":[{"href":"https:\/\/www.samariter.huwyler.photos\/index.php?rest_route=\/wp\/v2\/pages"}],"about":[{"href":"https:\/\/www.samariter.huwyler.photos\/index.php?rest_route=\/wp\/v2\/types\/page"}],"author":[{"embeddable":true,"href":"https:\/\/www.samariter.huwyler.photos\/index.php?rest_route=\/wp\/v2\/users\/1"}],"replies":[{"embeddable":true,"href":"https:\/\/www.samariter.huwyler.photos\/index.php?rest_route=%2Fwp%2Fv2%2Fcomments&post=38"}],"version-history":[{"count":17,"href":"https:\/\/www.samariter.huwyler.photos\/index.php?rest_route=\/wp\/v2\/pages\/38\/revisions"}],"predecessor-version":[{"id":1078,"href":"https:\/\/www.samariter.huwyler.photos\/index.php?rest_route=\/wp\/v2\/pages\/38\/revisions\/1078"}],"up":[{"embeddable":true,"href":"https:\/\/www.samariter.huwyler.photos\/index.php?rest_route=\/wp\/v2\/pages\/22"}],"wp:attachment":[{"href":"https:\/\/www.samariter.huwyler.photos\/index.php?rest_route=%2Fwp%2Fv2%2Fmedia&parent=38"}],"curies":[{"name":"wp","href":"https:\/\/api.w.org\/{rel}","templated":true}]}}