{"id":36,"date":"2016-12-29T10:53:08","date_gmt":"2016-12-29T10:53:08","guid":{"rendered":"http:\/\/www.samariter.huwyler.photos\/?page_id=36"},"modified":"2017-03-12T08:23:38","modified_gmt":"2017-03-12T08:23:38","slug":"nothilfekurs","status":"publish","type":"page","link":"https:\/\/www.samariter.huwyler.photos\/?page_id=36","title":{"rendered":"Nothilfekurs"},"content":{"rendered":"<p><strong><a href=\"https:\/\/i0.wp.com\/www.samariter.huwyler.photos\/wp-content\/uploads\/2017\/02\/7Sami_Autofahrer_seitlich.jpg\"><img data-recalc-dims=\"1\" loading=\"lazy\" decoding=\"async\" data-attachment-id=\"178\" data-permalink=\"https:\/\/www.samariter.huwyler.photos\/?attachment_id=178\" data-orig-file=\"https:\/\/i0.wp.com\/www.samariter.huwyler.photos\/wp-content\/uploads\/2017\/02\/7Sami_Autofahrer_seitlich.jpg?fit=874%2C925&amp;ssl=1\" data-orig-size=\"874,925\" data-comments-opened=\"1\" data-image-meta=\"{&quot;aperture&quot;:&quot;0&quot;,&quot;credit&quot;:&quot;&quot;,&quot;camera&quot;:&quot;&quot;,&quot;caption&quot;:&quot;&quot;,&quot;created_timestamp&quot;:&quot;0&quot;,&quot;copyright&quot;:&quot;&quot;,&quot;focal_length&quot;:&quot;0&quot;,&quot;iso&quot;:&quot;0&quot;,&quot;shutter_speed&quot;:&quot;0&quot;,&quot;title&quot;:&quot;&quot;,&quot;orientation&quot;:&quot;0&quot;}\" data-image-title=\"7Sami_Autofahrer_seitlich\" data-image-description=\"\" data-image-caption=\"\" data-large-file=\"https:\/\/i0.wp.com\/www.samariter.huwyler.photos\/wp-content\/uploads\/2017\/02\/7Sami_Autofahrer_seitlich.jpg?fit=860%2C910&amp;ssl=1\" class=\" wp-image-178 alignright\" src=\"https:\/\/i0.wp.com\/www.samariter.huwyler.photos\/wp-content\/uploads\/2017\/02\/7Sami_Autofahrer_seitlich.jpg?resize=166%2C176\" alt=\"\" width=\"166\" height=\"176\" srcset=\"https:\/\/i0.wp.com\/www.samariter.huwyler.photos\/wp-content\/uploads\/2017\/02\/7Sami_Autofahrer_seitlich.jpg?resize=283%2C300&amp;ssl=1 283w, https:\/\/i0.wp.com\/www.samariter.huwyler.photos\/wp-content\/uploads\/2017\/02\/7Sami_Autofahrer_seitlich.jpg?resize=768%2C813&amp;ssl=1 768w, https:\/\/i0.wp.com\/www.samariter.huwyler.photos\/wp-content\/uploads\/2017\/02\/7Sami_Autofahrer_seitlich.jpg?w=874&amp;ssl=1 874w\" sizes=\"auto, (max-width: 166px) 100vw, 166px\" \/><\/a>Beschreibung\u00a0 <\/strong><\/p>\n<p><strong>Der obligatorische Erste-Hilfe-Kurs f\u00fcr F\u00fchrerausweiserwerbende<\/strong><br \/>\nIm Nothilfekurs erlernen Sie lebensrettende Sofortmassnahmen. Diese erm\u00f6glichen es Ihnen, bei Verkehrsunf\u00e4llen sicher Erste Hilfe zu leisten und bei medizinischen Notf\u00e4llen die richtigen Massnahmen zu treffen. Der Kurs ist f\u00fcr F\u00fchrerausweiserwerbende obligatorisch.<\/p>\n<p>Flyer zum <a href=\"http:\/\/www.samariter.huwyler.photos\/wp-content\/uploads\/2017\/03\/NHK-copy_3fde16aa-789b-41bb-b2a6-424293466bee_1486976742.pdf\" target=\"_blank\">Download<\/a><\/p>\n<p><strong>Inhalt<\/strong><\/p>\n<p>Auf abwechslungsreiche und spielerische Weise trainieren Sie in realistisch nachgestellten Szenen das sichere Verhalten nach einem Verkehrsunfall oder einem medizinischen Notfall. Der Kurs beinhaltet unter anderem folgende Themen:<\/p>\n<p>&nbsp;<\/p>\n<p>&#8211; Verkehrsunfall<\/p>\n<p>&#8211; Gefahren nach einem Verkehrsunfall erkennen<\/p>\n<p>&#8211; Alarmierung<\/p>\n<p>&#8211; Patientenbeurteilung und weitere Massnahmen<\/p>\n<p>&#8211; Reanimation, BLS-AED<\/p>\n<p><strong>\u00a0<\/strong><\/p>\n<p><strong>Der Unterricht vermittelt auf einfache Art viel praktisches Wissen und basiert auf den aktuellsten Richtlinien f\u00fcr Erste Hilfe.<\/strong><\/p>\n<p>&nbsp;<\/p>\n<p><strong>Zielgruppe<\/strong><\/p>\n<p>F\u00fchrerausweiserwerbende, aber auch Fahrzeuglenker, die Ihr Erste-Hilfe-Wissen auffrischen m\u00f6chten.<\/p>\n<p>&nbsp;<\/p>\n<p><strong>Voraussetzungen<\/strong><\/p>\n<p>Keine<\/p>\n<p>&nbsp;<\/p>\n<p><strong>Dauer\u00a0\u00a0 <\/strong><\/p>\n<p>10 Stunden<\/p>\n<p>&nbsp;<\/p>\n<p><strong>Zertifikat<\/strong><\/p>\n<p>Nach Abschluss des Kurses erhalten Sie das Kurs-Zertifikat Nothilfekurs (G\u00fcltigkeit 6 Jahre).<\/p>\n<p><a href=\"http:\/\/www.samariter.huwyler.photos\/?page_id=38\"><strong>Anmeldung<\/strong><\/a><\/p>\n","protected":false},"excerpt":{"rendered":"<p>Beschreibung\u00a0 Der obligatorische Erste-Hilfe-Kurs f\u00fcr F\u00fchrerausweiserwerbende Im Nothilfekurs erlernen Sie lebensrettende Sofortmassnahmen. Diese erm\u00f6glichen es Ihnen, bei Verkehrsunf\u00e4llen sicher Erste Hilfe zu leisten und bei medizinischen Notf\u00e4llen die richtigen Massnahmen zu treffen. Der Kurs ist f\u00fcr F\u00fchrerausweiserwerbende obligatorisch. Flyer zum Download Inhalt Auf abwechslungsreiche und spielerische Weise trainieren Sie in realistisch nachgestellten Szenen das sichere Verhalten nach einem Verkehrsunfall oder<\/p>\n","protected":false},"author":1,"featured_media":0,"parent":22,"menu_order":2,"comment_status":"closed","ping_status":"closed","template":"","meta":{"jetpack_post_was_ever_published":false,"footnotes":""},"class_list":["post-36","page","type-page","status-publish","hentry"],"jetpack_sharing_enabled":true,"jetpack_shortlink":"https:\/\/wp.me\/P924LW-A","jetpack-related-posts":[{"id":160,"url":"https:\/\/www.samariter.huwyler.photos\/?page_id=160","url_meta":{"origin":36,"position":0},"title":"Nothilfekurs &#8211; Blended Learning","author":"Thomas Huwiler","date":"16. Februar 2017","format":false,"excerpt":"Beschreibung\u00a0 Der Selbstlern-Nothilfekurs f\u00fcr F\u00fchrerausweiserwerbende Im Nothilfekurs erlernen Sie lebensrettende Sofortmassnahmen. Diese erm\u00f6glichen es Ihnen, bei Verkehrsunf\u00e4llen sicher Erste Hilfe zu leisten und bei medizinischen Notf\u00e4llen die richtigen Massnahmen zu treffen. Der Kurs ist f\u00fcr F\u00fchrerausweiserwerbende obligatorisch. Im Gegensatz zum herk\u00f6mmlichen Nothilfekurs besteht dieser Kurs aus einem Selbstlernteil f\u00fcr die\u2026","rel":"","context":"\u00c4hnlicher Beitrag","block_context":{"text":"\u00c4hnlicher Beitrag","link":""},"img":{"alt_text":"","src":"","width":0,"height":0},"classes":[]},{"id":344,"url":"https:\/\/www.samariter.huwyler.photos\/?page_id=344","url_meta":{"origin":36,"position":1},"title":"Notf\u00e4lle bei Kleinkindern","author":"Thomas Huwiler","date":"12. M\u00e4rz 2017","format":false,"excerpt":"Im Kurs Notf\u00e4lle bei Kleinkindern erlernen Sie sicheres Handeln im Umgang mit Kindern in Notfallsituationen. Insbesondere liegt der Fokus des Kurses auf dem korrekten Vorgehen und der Anwendung von Erste-Hilfe-Massnahmen bei ansprechbaren, wie auch bewusstlosen oder leblosen Kindern. Inhalt Auf abwechslungsreiche und spielerische Weise trainieren Sie anhand realistisch nachgestellter Szenarien\u2026","rel":"","context":"\u00c4hnlicher Beitrag","block_context":{"text":"\u00c4hnlicher Beitrag","link":""},"img":{"alt_text":"","src":"","width":0,"height":0},"classes":[]},{"id":163,"url":"https:\/\/www.samariter.huwyler.photos\/?page_id=163","url_meta":{"origin":36,"position":2},"title":"BLS-AED-SRC Komplett","author":"Thomas Huwiler","date":"16. Februar 2017","format":false,"excerpt":"Beschreibung\u00a0 Der Komplettkurs f\u00fcr die grundlegenden Massnahmen zur Wiederbelebung Im Kurs BLS-AED-SRC Komplett (Generic Provider) erlernen Sie die wichtigsten lebensrettenden Massnahmen zur Wiederbelebung und deren Vertiefung und Anwendung bei Erwachsenen und Kindern in unterschiedlichen Situationen. \u00a0 Inhalt Auf abwechslungsreiche und spielerische Weise trainieren Sie in realistisch nachgestellten Szenen die BLS-AED-Massnahmen\u2026","rel":"","context":"\u00c4hnlicher Beitrag","block_context":{"text":"\u00c4hnlicher Beitrag","link":""},"img":{"alt_text":"","src":"","width":0,"height":0},"classes":[]},{"id":96,"url":"https:\/\/www.samariter.huwyler.photos\/?page_id=96","url_meta":{"origin":36,"position":3},"title":"Individualkurse (Firmenkurse)","author":"Thomas Huwiler","date":"4. Januar 2017","format":false,"excerpt":"Individualkurse (fr\u00fcher Firmenkurse) f\u00fchren wir gerne wieder durch. Wenn Sie als Firma, Verein, Beh\u00f6rde oder Institution eine Erste Hilfe Ausbildung f\u00fcr Ihre Mitarbeiter oder Mitglieder durchf\u00fchren wollen, nehmen Sie doch mit uns Kontakt auf. Zusammen werden wir einen auf Ihre Bed\u00fcrfnisse angepassten Kurs zusammenstellen. Bitte benutzen Sie f\u00fcr Ihre Anfrage\u2026","rel":"","context":"\u00c4hnlicher Beitrag","block_context":{"text":"\u00c4hnlicher Beitrag","link":""},"img":{"alt_text":"","src":"","width":0,"height":0},"classes":[]},{"id":38,"url":"https:\/\/www.samariter.huwyler.photos\/?page_id=38","url_meta":{"origin":36,"position":4},"title":"Kursanmeldung","author":"Thomas Huwiler","date":"29. Dezember 2016","format":false,"excerpt":"Zur Zeit haben wir folgende Kurse ausgesghrieben: Um den Zahlungsverkehr zu vereinfachen und wir nicht mit den Kursbeitr\u00e4gen zur Bank gehen m\u00fcssen, m\u00f6chten wir euch bitten, den Kurs im Voraus auf unser Konto bei der Raiffeisenbank Root zu \u00fcberweisen. Unsere IBAN Nr.: CH53 8080 8007 6924 8511 3Samariterverein Root und\u2026","rel":"","context":"\u00c4hnlicher Beitrag","block_context":{"text":"\u00c4hnlicher Beitrag","link":""},"img":{"alt_text":"","src":"","width":0,"height":0},"classes":[]},{"id":325,"url":"https:\/\/www.samariter.huwyler.photos\/?page_id=325","url_meta":{"origin":36,"position":5},"title":"Blutspende","author":"Thomas Huwiler","date":"7. M\u00e4rz 2017","format":false,"excerpt":"Der Bedarf an Blutspenderinnen und Blutspendern steigt weil: viele langj\u00e4hrige treue Blutspender\/innen altershalber ausscheiden, es um einen treuen Blutspender\/in zu ersetzen, vier neue Spender\/innen braucht, ver\u00e4nderte Lebensgewohnheiten dazu f\u00fchren, dass Spender\/innen weniger h\u00e4ufig spenden. Ob treue\/r Blutspender\/in oder Neuspender\/in \u2013 nutzen auch Sie die Gelegenheit Blut zu spenden! Nach Ihrer\u2026","rel":"","context":"\u00c4hnlicher Beitrag","block_context":{"text":"\u00c4hnlicher Beitrag","link":""},"img":{"alt_text":"","src":"https:\/\/i0.wp.com\/www.samariter.huwyler.photos\/wp-content\/uploads\/2017\/02\/10sami_blutspender-300x182.jpg?resize=350%2C200","width":350,"height":200},"classes":[]}],"jetpack_likes_enabled":true,"_links":{"self":[{"href":"https:\/\/www.samariter.huwyler.photos\/index.php?rest_route=\/wp\/v2\/pages\/36","targetHints":{"allow":["GET"]}}],"collection":[{"href":"https:\/\/www.samariter.huwyler.photos\/index.php?rest_route=\/wp\/v2\/pages"}],"about":[{"href":"https:\/\/www.samariter.huwyler.photos\/index.php?rest_route=\/wp\/v2\/types\/page"}],"author":[{"embeddable":true,"href":"https:\/\/www.samariter.huwyler.photos\/index.php?rest_route=\/wp\/v2\/users\/1"}],"replies":[{"embeddable":true,"href":"https:\/\/www.samariter.huwyler.photos\/index.php?rest_route=%2Fwp%2Fv2%2Fcomments&post=36"}],"version-history":[{"count":7,"href":"https:\/\/www.samariter.huwyler.photos\/index.php?rest_route=\/wp\/v2\/pages\/36\/revisions"}],"predecessor-version":[{"id":360,"href":"https:\/\/www.samariter.huwyler.photos\/index.php?rest_route=\/wp\/v2\/pages\/36\/revisions\/360"}],"up":[{"embeddable":true,"href":"https:\/\/www.samariter.huwyler.photos\/index.php?rest_route=\/wp\/v2\/pages\/22"}],"wp:attachment":[{"href":"https:\/\/www.samariter.huwyler.photos\/index.php?rest_route=%2Fwp%2Fv2%2Fmedia&parent=36"}],"curies":[{"name":"wp","href":"https:\/\/api.w.org\/{rel}","templated":true}]}}