{"id":344,"date":"2017-03-12T07:53:45","date_gmt":"2017-03-12T07:53:45","guid":{"rendered":"http:\/\/www.samariter.huwyler.photos\/?page_id=344"},"modified":"2017-03-12T07:53:45","modified_gmt":"2017-03-12T07:53:45","slug":"notfaelle-bei-kleinkindern","status":"publish","type":"page","link":"https:\/\/www.samariter.huwyler.photos\/?page_id=344","title":{"rendered":"Notf\u00e4lle bei Kleinkindern"},"content":{"rendered":"<p><strong>Im Kurs Notf\u00e4lle bei Kleinkindern erlernen Sie sicheres Handeln im Umgang mit Kindern in Notfallsituationen.<\/strong><\/p>\n<p>Insbesondere liegt der Fokus des Kurses auf dem korrekten Vorgehen und der Anwendung von Erste-Hilfe-Massnahmen bei ansprechbaren, wie auch bewusstlosen oder leblosen Kindern.<\/p>\n<p><strong>Inhalt<\/strong><br \/>\nAuf abwechslungsreiche und spielerische Weise trainieren Sie anhand realistisch nachgestellter Szenarien die sichere Anwendung Erster-Hilfe-Massnahmen am Kind. Der Kurs beinhaltet unter anderem die folgenden Themen:<\/p>\n<ul>\n<li>Gefahren im und rund ums Haus<\/li>\n<li>Wiederbelebung<\/li>\n<li>Sturz vom Wickeltisch<\/li>\n<li>Fremdk\u00f6rper verschlucken<\/li>\n<li>Stromschlag<\/li>\n<\/ul>\n<p>Der Unterricht vermittelt auf einfache Art viel praktisches Wissen und basiert auf den aktuellsten Richtlinien f\u00fcr Erste Hilfe.<\/p>\n<p><strong>Zielgruppe<\/strong><br \/>\nEltern, Grosseltern, Gotti und G\u00f6tti<\/p>\n<p><strong>Voraussetzungen<\/strong><br \/>\nKeine<\/p>\n<p><strong>Dauer<\/strong><\/p>\n<p><strong>Zertifikat<\/strong><br \/>\nNach Abschluss des Kurses erhalten Sie das Kurs-Zertifikat Notf\u00e4lle bei Kleinkindern des Schweizerischen Samariterbunds.<\/p>\n<p><strong>Durchf\u00fchrung<\/strong><\/p>\n<p>Wir f\u00fchren den Kurs &#8222;Notf\u00e4lle bei Kleinkindern&#8220; bei einer gen\u00fcgend Anzahl interessierten Personen durch. Wenn Sie Interesse an der Teilnahme haben, melden Sie sich bitte \u00fcber das <a href=\"http:\/\/www.samariter.huwyler.photos\/?page_id=25\" target=\"_blank\">Kontaktformular<\/a> bei uns. Wir werden mit hnen Kontakt aufnehmen und das weitere besprechen.<\/p>\n","protected":false},"excerpt":{"rendered":"<p>Im Kurs Notf\u00e4lle bei Kleinkindern erlernen Sie sicheres Handeln im Umgang mit Kindern in Notfallsituationen. Insbesondere liegt der Fokus des Kurses auf dem korrekten Vorgehen und der Anwendung von Erste-Hilfe-Massnahmen bei ansprechbaren, wie auch bewusstlosen oder leblosen Kindern. Inhalt Auf abwechslungsreiche und spielerische Weise trainieren Sie anhand realistisch nachgestellter Szenarien die sichere Anwendung Erster-Hilfe-Massnahmen am Kind. Der Kurs beinhaltet unter<\/p>\n","protected":false},"author":1,"featured_media":0,"parent":22,"menu_order":5,"comment_status":"closed","ping_status":"closed","template":"","meta":{"jetpack_post_was_ever_published":false,"footnotes":""},"class_list":["post-344","page","type-page","status-publish","hentry"],"jetpack_sharing_enabled":true,"jetpack_shortlink":"https:\/\/wp.me\/P924LW-5y","jetpack-related-posts":[{"id":163,"url":"https:\/\/www.samariter.huwyler.photos\/?page_id=163","url_meta":{"origin":344,"position":0},"title":"BLS-AED-SRC Komplett","author":"Thomas Huwiler","date":"16. Februar 2017","format":false,"excerpt":"Beschreibung\u00a0 Der Komplettkurs f\u00fcr die grundlegenden Massnahmen zur Wiederbelebung Im Kurs BLS-AED-SRC Komplett (Generic Provider) erlernen Sie die wichtigsten lebensrettenden Massnahmen zur Wiederbelebung und deren Vertiefung und Anwendung bei Erwachsenen und Kindern in unterschiedlichen Situationen. \u00a0 Inhalt Auf abwechslungsreiche und spielerische Weise trainieren Sie in realistisch nachgestellten Szenen die BLS-AED-Massnahmen\u2026","rel":"","context":"\u00c4hnlicher Beitrag","block_context":{"text":"\u00c4hnlicher Beitrag","link":""},"img":{"alt_text":"","src":"","width":0,"height":0},"classes":[]},{"id":36,"url":"https:\/\/www.samariter.huwyler.photos\/?page_id=36","url_meta":{"origin":344,"position":1},"title":"Nothilfekurs","author":"Thomas Huwiler","date":"29. Dezember 2016","format":false,"excerpt":"Beschreibung\u00a0 Der obligatorische Erste-Hilfe-Kurs f\u00fcr F\u00fchrerausweiserwerbende Im Nothilfekurs erlernen Sie lebensrettende Sofortmassnahmen. Diese erm\u00f6glichen es Ihnen, bei Verkehrsunf\u00e4llen sicher Erste Hilfe zu leisten und bei medizinischen Notf\u00e4llen die richtigen Massnahmen zu treffen. Der Kurs ist f\u00fcr F\u00fchrerausweiserwerbende obligatorisch. Flyer zum Download Inhalt Auf abwechslungsreiche und spielerische Weise trainieren Sie in\u2026","rel":"","context":"\u00c4hnlicher Beitrag","block_context":{"text":"\u00c4hnlicher Beitrag","link":""},"img":{"alt_text":"","src":"https:\/\/i0.wp.com\/www.samariter.huwyler.photos\/wp-content\/uploads\/2017\/02\/7Sami_Autofahrer_seitlich-283x300.jpg?resize=350%2C200","width":350,"height":200},"classes":[]},{"id":160,"url":"https:\/\/www.samariter.huwyler.photos\/?page_id=160","url_meta":{"origin":344,"position":2},"title":"Nothilfekurs &#8211; Blended Learning","author":"Thomas Huwiler","date":"16. Februar 2017","format":false,"excerpt":"Beschreibung\u00a0 Der Selbstlern-Nothilfekurs f\u00fcr F\u00fchrerausweiserwerbende Im Nothilfekurs erlernen Sie lebensrettende Sofortmassnahmen. Diese erm\u00f6glichen es Ihnen, bei Verkehrsunf\u00e4llen sicher Erste Hilfe zu leisten und bei medizinischen Notf\u00e4llen die richtigen Massnahmen zu treffen. Der Kurs ist f\u00fcr F\u00fchrerausweiserwerbende obligatorisch. Im Gegensatz zum herk\u00f6mmlichen Nothilfekurs besteht dieser Kurs aus einem Selbstlernteil f\u00fcr die\u2026","rel":"","context":"\u00c4hnlicher Beitrag","block_context":{"text":"\u00c4hnlicher Beitrag","link":""},"img":{"alt_text":"","src":"","width":0,"height":0},"classes":[]},{"id":38,"url":"https:\/\/www.samariter.huwyler.photos\/?page_id=38","url_meta":{"origin":344,"position":3},"title":"Kursanmeldung","author":"Thomas Huwiler","date":"29. Dezember 2016","format":false,"excerpt":"Zur Zeit haben wir folgende Kurse ausgesghrieben: Um den Zahlungsverkehr zu vereinfachen und wir nicht mit den Kursbeitr\u00e4gen zur Bank gehen m\u00fcssen, m\u00f6chten wir euch bitten, den Kurs im Voraus auf unser Konto bei der Raiffeisenbank Root zu \u00fcberweisen. Unsere IBAN Nr.: CH53 8080 8007 6924 8511 3Samariterverein Root und\u2026","rel":"","context":"\u00c4hnlicher Beitrag","block_context":{"text":"\u00c4hnlicher Beitrag","link":""},"img":{"alt_text":"","src":"","width":0,"height":0},"classes":[]},{"id":325,"url":"https:\/\/www.samariter.huwyler.photos\/?page_id=325","url_meta":{"origin":344,"position":4},"title":"Blutspende","author":"Thomas Huwiler","date":"7. M\u00e4rz 2017","format":false,"excerpt":"Der Bedarf an Blutspenderinnen und Blutspendern steigt weil: viele langj\u00e4hrige treue Blutspender\/innen altershalber ausscheiden, es um einen treuen Blutspender\/in zu ersetzen, vier neue Spender\/innen braucht, ver\u00e4nderte Lebensgewohnheiten dazu f\u00fchren, dass Spender\/innen weniger h\u00e4ufig spenden. Ob treue\/r Blutspender\/in oder Neuspender\/in \u2013 nutzen auch Sie die Gelegenheit Blut zu spenden! Nach Ihrer\u2026","rel":"","context":"\u00c4hnlicher Beitrag","block_context":{"text":"\u00c4hnlicher Beitrag","link":""},"img":{"alt_text":"","src":"https:\/\/i0.wp.com\/www.samariter.huwyler.photos\/wp-content\/uploads\/2017\/02\/10sami_blutspender-300x182.jpg?resize=350%2C200","width":350,"height":200},"classes":[]},{"id":96,"url":"https:\/\/www.samariter.huwyler.photos\/?page_id=96","url_meta":{"origin":344,"position":5},"title":"Individualkurse (Firmenkurse)","author":"Thomas Huwiler","date":"4. Januar 2017","format":false,"excerpt":"Individualkurse (fr\u00fcher Firmenkurse) f\u00fchren wir gerne wieder durch. Wenn Sie als Firma, Verein, Beh\u00f6rde oder Institution eine Erste Hilfe Ausbildung f\u00fcr Ihre Mitarbeiter oder Mitglieder durchf\u00fchren wollen, nehmen Sie doch mit uns Kontakt auf. Zusammen werden wir einen auf Ihre Bed\u00fcrfnisse angepassten Kurs zusammenstellen. Bitte benutzen Sie f\u00fcr Ihre Anfrage\u2026","rel":"","context":"\u00c4hnlicher Beitrag","block_context":{"text":"\u00c4hnlicher Beitrag","link":""},"img":{"alt_text":"","src":"","width":0,"height":0},"classes":[]}],"jetpack_likes_enabled":true,"_links":{"self":[{"href":"https:\/\/www.samariter.huwyler.photos\/index.php?rest_route=\/wp\/v2\/pages\/344","targetHints":{"allow":["GET"]}}],"collection":[{"href":"https:\/\/www.samariter.huwyler.photos\/index.php?rest_route=\/wp\/v2\/pages"}],"about":[{"href":"https:\/\/www.samariter.huwyler.photos\/index.php?rest_route=\/wp\/v2\/types\/page"}],"author":[{"embeddable":true,"href":"https:\/\/www.samariter.huwyler.photos\/index.php?rest_route=\/wp\/v2\/users\/1"}],"replies":[{"embeddable":true,"href":"https:\/\/www.samariter.huwyler.photos\/index.php?rest_route=%2Fwp%2Fv2%2Fcomments&post=344"}],"version-history":[{"count":2,"href":"https:\/\/www.samariter.huwyler.photos\/index.php?rest_route=\/wp\/v2\/pages\/344\/revisions"}],"predecessor-version":[{"id":346,"href":"https:\/\/www.samariter.huwyler.photos\/index.php?rest_route=\/wp\/v2\/pages\/344\/revisions\/346"}],"up":[{"embeddable":true,"href":"https:\/\/www.samariter.huwyler.photos\/index.php?rest_route=\/wp\/v2\/pages\/22"}],"wp:attachment":[{"href":"https:\/\/www.samariter.huwyler.photos\/index.php?rest_route=%2Fwp%2Fv2%2Fmedia&parent=344"}],"curies":[{"name":"wp","href":"https:\/\/api.w.org\/{rel}","templated":true}]}}