{"id":325,"date":"2017-03-07T00:52:15","date_gmt":"2017-03-07T00:52:15","guid":{"rendered":"http:\/\/www.samariter.huwyler.photos\/?page_id=325"},"modified":"2023-02-09T15:50:29","modified_gmt":"2023-02-09T13:50:29","slug":"blutspende","status":"publish","type":"page","link":"https:\/\/www.samariter.huwyler.photos\/?page_id=325","title":{"rendered":"Blutspende"},"content":{"rendered":"<p>Der Bedarf an Blutspenderinnen und Blutspendern steigt weil:<\/p>\n<ul>\n<li>viele langj\u00e4hrige treue Blutspender\/innen altershalber ausscheiden,<\/li>\n<li>es um einen treuen Blutspender\/in zu ersetzen, vier neue Spender\/innen braucht,<\/li>\n<li>ver\u00e4nderte Lebensgewohnheiten dazu f\u00fchren, dass Spender\/innen weniger h\u00e4ufig spenden.<\/li>\n<\/ul>\n<p>Ob treue\/r Blutspender\/in oder Neuspender\/in <strong>\u2013<\/strong> nutzen auch Sie die Gelegenheit Blut zu spenden! Nach Ihrer Spende k\u00f6nnen Sie sich bei einem feinen Risotto und einem Getr\u00e4nk st\u00e4rken.<\/p>\n<p>Samariter\/innen des Samaritervereins Root und Umgebung sowie die Mitarbeitenden der mobilen Blutspende-Equipe freuen sich auf Sie!<\/p>\n<p>Wo: Pfarreiheim Root, Schulstrasse\u00a0 7, 6037 Root<\/p>\n<p>Wann:\u00a0 siehe Jahresprogramm<\/p>\n<p><a href=\"https:\/\/i0.wp.com\/www.samariter.huwyler.photos\/wp-content\/uploads\/2017\/02\/10sami_blutspender.jpg\"><img data-recalc-dims=\"1\" loading=\"lazy\" decoding=\"async\" data-attachment-id=\"181\" data-permalink=\"https:\/\/www.samariter.huwyler.photos\/?attachment_id=181\" data-orig-file=\"https:\/\/i0.wp.com\/www.samariter.huwyler.photos\/wp-content\/uploads\/2017\/02\/10sami_blutspender-e1523294328223.jpg?fit=300%2C182&amp;ssl=1\" data-orig-size=\"300,182\" data-comments-opened=\"1\" data-image-meta=\"{&quot;aperture&quot;:&quot;0&quot;,&quot;credit&quot;:&quot;&quot;,&quot;camera&quot;:&quot;&quot;,&quot;caption&quot;:&quot;&quot;,&quot;created_timestamp&quot;:&quot;0&quot;,&quot;copyright&quot;:&quot;&quot;,&quot;focal_length&quot;:&quot;0&quot;,&quot;iso&quot;:&quot;0&quot;,&quot;shutter_speed&quot;:&quot;0&quot;,&quot;title&quot;:&quot;&quot;,&quot;orientation&quot;:&quot;0&quot;}\" data-image-title=\"10sami_blutspender\" data-image-description=\"\" data-image-caption=\"\" data-large-file=\"https:\/\/i0.wp.com\/www.samariter.huwyler.photos\/wp-content\/uploads\/2017\/02\/10sami_blutspender-e1523294328223.jpg?fit=300%2C182&amp;ssl=1\" class=\"aligncenter size-medium wp-image-181\" src=\"https:\/\/i0.wp.com\/www.samariter.huwyler.photos\/wp-content\/uploads\/2017\/02\/10sami_blutspender.jpg?resize=300%2C182\" alt=\"\" width=\"300\" height=\"182\" \/><\/a><\/p>\n","protected":false},"excerpt":{"rendered":"<p>Der Bedarf an Blutspenderinnen und Blutspendern steigt weil: viele langj\u00e4hrige treue Blutspender\/innen altershalber ausscheiden, es um einen treuen Blutspender\/in zu ersetzen, vier neue Spender\/innen braucht, ver\u00e4nderte Lebensgewohnheiten dazu f\u00fchren, dass Spender\/innen weniger h\u00e4ufig spenden. Ob treue\/r Blutspender\/in oder Neuspender\/in \u2013 nutzen auch Sie die Gelegenheit Blut zu spenden! Nach Ihrer Spende k\u00f6nnen Sie sich bei einem feinen Risotto und einem<\/p>\n","protected":false},"author":1,"featured_media":0,"parent":0,"menu_order":9,"comment_status":"closed","ping_status":"closed","template":"","meta":{"jetpack_post_was_ever_published":false,"footnotes":""},"class_list":["post-325","page","type-page","status-publish","hentry"],"jetpack_sharing_enabled":true,"jetpack_shortlink":"https:\/\/wp.me\/P924LW-5f","jetpack-related-posts":[{"id":936,"url":"https:\/\/www.samariter.huwyler.photos\/?page_id=936","url_meta":{"origin":325,"position":0},"title":"Beherzt Spenden","author":"Thomas Huwiler","date":"8. November 2023","format":false,"excerpt":"Warum Ihre Spende bei uns in guten H\u00e4nden ist Sehr geehrte Freunde und G\u00f6nnerGanz herzlich danken wir f\u00fcr Ihre Treue und das Wohlwollen gegen\u00fcber unserem Verein. Nach wie vor sind wir auf Ihre Spende angewiesen, damit der Samariterverein Root und Umgebung all seine Aufgaben weiterhin wahrnehmen kann. Wir ben\u00f6tigen den\u2026","rel":"","context":"\u00c4hnlicher Beitrag","block_context":{"text":"\u00c4hnlicher Beitrag","link":""},"img":{"alt_text":"","src":"https:\/\/i0.wp.com\/www.samariter.huwyler.photos\/wp-content\/uploads\/2023\/11\/TWINT_Individueller-Betrag_DE.png?resize=350%2C200&ssl=1","width":350,"height":200,"srcset":"https:\/\/i0.wp.com\/www.samariter.huwyler.photos\/wp-content\/uploads\/2023\/11\/TWINT_Individueller-Betrag_DE.png?resize=350%2C200&ssl=1 1x, https:\/\/i0.wp.com\/www.samariter.huwyler.photos\/wp-content\/uploads\/2023\/11\/TWINT_Individueller-Betrag_DE.png?resize=525%2C300&ssl=1 1.5x, https:\/\/i0.wp.com\/www.samariter.huwyler.photos\/wp-content\/uploads\/2023\/11\/TWINT_Individueller-Betrag_DE.png?resize=700%2C400&ssl=1 2x, https:\/\/i0.wp.com\/www.samariter.huwyler.photos\/wp-content\/uploads\/2023\/11\/TWINT_Individueller-Betrag_DE.png?resize=1050%2C600&ssl=1 3x"},"classes":[]},{"id":160,"url":"https:\/\/www.samariter.huwyler.photos\/?page_id=160","url_meta":{"origin":325,"position":1},"title":"Nothilfekurs &#8211; Blended Learning","author":"Thomas Huwiler","date":"16. Februar 2017","format":false,"excerpt":"Beschreibung\u00a0 Der Selbstlern-Nothilfekurs f\u00fcr F\u00fchrerausweiserwerbende Im Nothilfekurs erlernen Sie lebensrettende Sofortmassnahmen. Diese erm\u00f6glichen es Ihnen, bei Verkehrsunf\u00e4llen sicher Erste Hilfe zu leisten und bei medizinischen Notf\u00e4llen die richtigen Massnahmen zu treffen. Der Kurs ist f\u00fcr F\u00fchrerausweiserwerbende obligatorisch. Im Gegensatz zum herk\u00f6mmlichen Nothilfekurs besteht dieser Kurs aus einem Selbstlernteil f\u00fcr die\u2026","rel":"","context":"\u00c4hnlicher Beitrag","block_context":{"text":"\u00c4hnlicher Beitrag","link":""},"img":{"alt_text":"","src":"","width":0,"height":0},"classes":[]},{"id":15,"url":"https:\/\/www.samariter.huwyler.photos\/?page_id=15","url_meta":{"origin":325,"position":2},"title":"Sanit\u00e4tsdienst","author":"Thomas Huwiler","date":"28. Dezember 2016","format":false,"excerpt":"An zahlreichen Anl\u00e4ssen in unserem Einzugsgebiet leisten wir Sanit\u00e4tsdienst.Mit unserem Material und der Ausbildung unseres Postenpersonales erf\u00fcllen wir die Richtlinien das SSB und IVR f\u00fcr den Sanit\u00e4tsdienst. Ein paar Anl\u00e4sse an welchen wir Sanit\u00e4tsdienst leisten:- Rooter Dorfturnier- Ausscheidungsturnier Sch\u00fclerturnier- Michaelskreuz Schwingen- Michaelskreuz Rennen- Dorfturnier Dierikon- Fasnachtsumzug Root- Horrorball Root- Tr\u00f6pfeler\u2026","rel":"","context":"\u00c4hnlicher Beitrag","block_context":{"text":"\u00c4hnlicher Beitrag","link":""},"img":{"alt_text":"","src":"","width":0,"height":0},"classes":[]},{"id":36,"url":"https:\/\/www.samariter.huwyler.photos\/?page_id=36","url_meta":{"origin":325,"position":3},"title":"Nothilfekurs","author":"Thomas Huwiler","date":"29. Dezember 2016","format":false,"excerpt":"Beschreibung\u00a0 Der obligatorische Erste-Hilfe-Kurs f\u00fcr F\u00fchrerausweiserwerbende Im Nothilfekurs erlernen Sie lebensrettende Sofortmassnahmen. Diese erm\u00f6glichen es Ihnen, bei Verkehrsunf\u00e4llen sicher Erste Hilfe zu leisten und bei medizinischen Notf\u00e4llen die richtigen Massnahmen zu treffen. Der Kurs ist f\u00fcr F\u00fchrerausweiserwerbende obligatorisch. Flyer zum Download Inhalt Auf abwechslungsreiche und spielerische Weise trainieren Sie in\u2026","rel":"","context":"\u00c4hnlicher Beitrag","block_context":{"text":"\u00c4hnlicher Beitrag","link":""},"img":{"alt_text":"","src":"https:\/\/i0.wp.com\/www.samariter.huwyler.photos\/wp-content\/uploads\/2017\/02\/7Sami_Autofahrer_seitlich-283x300.jpg?resize=350%2C200","width":350,"height":200},"classes":[]},{"id":38,"url":"https:\/\/www.samariter.huwyler.photos\/?page_id=38","url_meta":{"origin":325,"position":4},"title":"Kursanmeldung","author":"Thomas Huwiler","date":"29. Dezember 2016","format":false,"excerpt":"Zur Zeit haben wir folgende Kurse ausgesghrieben: Um den Zahlungsverkehr zu vereinfachen und wir nicht mit den Kursbeitr\u00e4gen zur Bank gehen m\u00fcssen, m\u00f6chten wir euch bitten, den Kurs im Voraus auf unser Konto bei der Raiffeisenbank Root zu \u00fcberweisen. Unsere IBAN Nr.: CH53 8080 8007 6924 8511 3Samariterverein Root und\u2026","rel":"","context":"\u00c4hnlicher Beitrag","block_context":{"text":"\u00c4hnlicher Beitrag","link":""},"img":{"alt_text":"","src":"","width":0,"height":0},"classes":[]},{"id":163,"url":"https:\/\/www.samariter.huwyler.photos\/?page_id=163","url_meta":{"origin":325,"position":5},"title":"BLS-AED-SRC Komplett","author":"Thomas Huwiler","date":"16. Februar 2017","format":false,"excerpt":"Beschreibung\u00a0 Der Komplettkurs f\u00fcr die grundlegenden Massnahmen zur Wiederbelebung Im Kurs BLS-AED-SRC Komplett (Generic Provider) erlernen Sie die wichtigsten lebensrettenden Massnahmen zur Wiederbelebung und deren Vertiefung und Anwendung bei Erwachsenen und Kindern in unterschiedlichen Situationen. \u00a0 Inhalt Auf abwechslungsreiche und spielerische Weise trainieren Sie in realistisch nachgestellten Szenen die BLS-AED-Massnahmen\u2026","rel":"","context":"\u00c4hnlicher Beitrag","block_context":{"text":"\u00c4hnlicher Beitrag","link":""},"img":{"alt_text":"","src":"","width":0,"height":0},"classes":[]}],"jetpack_likes_enabled":true,"_links":{"self":[{"href":"https:\/\/www.samariter.huwyler.photos\/index.php?rest_route=\/wp\/v2\/pages\/325","targetHints":{"allow":["GET"]}}],"collection":[{"href":"https:\/\/www.samariter.huwyler.photos\/index.php?rest_route=\/wp\/v2\/pages"}],"about":[{"href":"https:\/\/www.samariter.huwyler.photos\/index.php?rest_route=\/wp\/v2\/types\/page"}],"author":[{"embeddable":true,"href":"https:\/\/www.samariter.huwyler.photos\/index.php?rest_route=\/wp\/v2\/users\/1"}],"replies":[{"embeddable":true,"href":"https:\/\/www.samariter.huwyler.photos\/index.php?rest_route=%2Fwp%2Fv2%2Fcomments&post=325"}],"version-history":[{"count":6,"href":"https:\/\/www.samariter.huwyler.photos\/index.php?rest_route=\/wp\/v2\/pages\/325\/revisions"}],"predecessor-version":[{"id":860,"href":"https:\/\/www.samariter.huwyler.photos\/index.php?rest_route=\/wp\/v2\/pages\/325\/revisions\/860"}],"wp:attachment":[{"href":"https:\/\/www.samariter.huwyler.photos\/index.php?rest_route=%2Fwp%2Fv2%2Fmedia&parent=325"}],"curies":[{"name":"wp","href":"https:\/\/api.w.org\/{rel}","templated":true}]}}