{"id":276,"date":"2017-02-24T21:21:25","date_gmt":"2017-02-24T21:21:25","guid":{"rendered":"http:\/\/www.samariter.huwyler.photos\/?page_id=276"},"modified":"2017-02-24T22:11:45","modified_gmt":"2017-02-24T22:11:45","slug":"10-gruende","status":"publish","type":"page","link":"https:\/\/www.samariter.huwyler.photos\/?page_id=276","title":{"rendered":"10 Gr\u00fcnde.."},"content":{"rendered":"<p>&#8230; um im Samariterverein dabei zu sein:<\/p>\n<ol>\n<li>Ich weiss, was im <strong><span style=\"color: #ff0000;\">Notfall<\/span> <\/strong>zu tun ist.<\/li>\n<li>Ich leiste bei Unf\u00e4llen zu Hause <strong><span style=\"color: #ff0000;\">Selbsthilfe<\/span><\/strong>.<\/li>\n<li>Bei <strong><span style=\"color: #ff0000;\">Verkehrsunf\u00e4llen<\/span> <\/strong>stehe ich nicht ratlos im Abseits.<\/li>\n<li>Ich erlebe <strong><span style=\"color: #ff0000;\">spannende Eins\u00e4tze<\/span><\/strong> beim Sanit\u00e4tsdienst.<\/li>\n<li>Ich eigne mir <strong><span style=\"color: #ff0000;\">Wissen<\/span> <\/strong>in Erster Hilfe und Medizin an (Aus- und Weiterbildung)<\/li>\n<li>Ich geniesse ein gutes Vereinsklima mit viel <strong><span style=\"color: #ff0000;\">Spass und Freude<\/span><\/strong>.<\/li>\n<li>Ich erlebe <strong><span style=\"color: #ff0000;\">Kameradschaft, Geselligkeit, Teamwork<\/span><\/strong> und trage meine Teil\u00a0\u00a0 dazu bei.<\/li>\n<li>Mein Samariterwissen aus dem Verein kommt mir auch im <strong><span style=\"color: #ff0000;\">Beruf <\/span><\/strong>und privat zunutze.<\/li>\n<li>Ich erreiche <strong><span style=\"color: #ff0000;\">Erfolgserlebnisse<\/span> <\/strong>bei Eins\u00e4tzen in Erster Hiilfe.<\/li>\n<li>Ich geniesse <strong><span style=\"color: #ff0000;\">Respekt<\/span> <\/strong>in meinem Umfeld, denn Samariterarbeit und die Samarterinnen und Samariter werden gesch\u00e4tzt.<\/li>\n<\/ol>\n<p><a href=\"https:\/\/i0.wp.com\/www.samariter.huwyler.photos\/wp-content\/uploads\/2017\/02\/9sami_blumenschenker.jpg\"><img data-recalc-dims=\"1\" loading=\"lazy\" decoding=\"async\" data-attachment-id=\"180\" data-permalink=\"https:\/\/www.samariter.huwyler.photos\/?attachment_id=180\" data-orig-file=\"https:\/\/i0.wp.com\/www.samariter.huwyler.photos\/wp-content\/uploads\/2017\/02\/9sami_blumenschenker.jpg?fit=690%2C665&amp;ssl=1\" data-orig-size=\"690,665\" data-comments-opened=\"1\" data-image-meta=\"{&quot;aperture&quot;:&quot;0&quot;,&quot;credit&quot;:&quot;&quot;,&quot;camera&quot;:&quot;&quot;,&quot;caption&quot;:&quot;&quot;,&quot;created_timestamp&quot;:&quot;0&quot;,&quot;copyright&quot;:&quot;&quot;,&quot;focal_length&quot;:&quot;0&quot;,&quot;iso&quot;:&quot;0&quot;,&quot;shutter_speed&quot;:&quot;0&quot;,&quot;title&quot;:&quot;&quot;,&quot;orientation&quot;:&quot;0&quot;}\" data-image-title=\"9sami_blumenschenker\" data-image-description=\"\" data-image-caption=\"\" data-large-file=\"https:\/\/i0.wp.com\/www.samariter.huwyler.photos\/wp-content\/uploads\/2017\/02\/9sami_blumenschenker.jpg?fit=690%2C665&amp;ssl=1\" class=\"alignright wp-image-180 size-medium\" src=\"https:\/\/i0.wp.com\/www.samariter.huwyler.photos\/wp-content\/uploads\/2017\/02\/9sami_blumenschenker.jpg?resize=300%2C289\" width=\"300\" height=\"289\" srcset=\"https:\/\/i0.wp.com\/www.samariter.huwyler.photos\/wp-content\/uploads\/2017\/02\/9sami_blumenschenker.jpg?resize=300%2C289&amp;ssl=1 300w, https:\/\/i0.wp.com\/www.samariter.huwyler.photos\/wp-content\/uploads\/2017\/02\/9sami_blumenschenker.jpg?w=690&amp;ssl=1 690w\" sizes=\"auto, (max-width: 300px) 100vw, 300px\" \/><\/a><\/p>\n<p>&nbsp;<\/p>\n","protected":false},"excerpt":{"rendered":"<p>&#8230; um im Samariterverein dabei zu sein: Ich weiss, was im Notfall zu tun ist. Ich leiste bei Unf\u00e4llen zu Hause Selbsthilfe. Bei Verkehrsunf\u00e4llen stehe ich nicht ratlos im Abseits. Ich erlebe spannende Eins\u00e4tze beim Sanit\u00e4tsdienst. Ich eigne mir Wissen in Erster Hilfe und Medizin an (Aus- und Weiterbildung) Ich geniesse ein gutes Vereinsklima mit viel Spass und Freude. Ich<\/p>\n","protected":false},"author":1,"featured_media":0,"parent":0,"menu_order":10,"comment_status":"closed","ping_status":"closed","template":"","meta":{"jetpack_post_was_ever_published":false,"footnotes":""},"class_list":["post-276","page","type-page","status-publish","hentry"],"jetpack_sharing_enabled":true,"jetpack_shortlink":"https:\/\/wp.me\/P924LW-4s","jetpack-related-posts":[{"id":160,"url":"https:\/\/www.samariter.huwyler.photos\/?page_id=160","url_meta":{"origin":276,"position":0},"title":"Nothilfekurs &#8211; Blended Learning","author":"Thomas Huwiler","date":"16. Februar 2017","format":false,"excerpt":"Beschreibung\u00a0 Der Selbstlern-Nothilfekurs f\u00fcr F\u00fchrerausweiserwerbende Im Nothilfekurs erlernen Sie lebensrettende Sofortmassnahmen. Diese erm\u00f6glichen es Ihnen, bei Verkehrsunf\u00e4llen sicher Erste Hilfe zu leisten und bei medizinischen Notf\u00e4llen die richtigen Massnahmen zu treffen. Der Kurs ist f\u00fcr F\u00fchrerausweiserwerbende obligatorisch. Im Gegensatz zum herk\u00f6mmlichen Nothilfekurs besteht dieser Kurs aus einem Selbstlernteil f\u00fcr die\u2026","rel":"","context":"\u00c4hnlicher Beitrag","block_context":{"text":"\u00c4hnlicher Beitrag","link":""},"img":{"alt_text":"","src":"","width":0,"height":0},"classes":[]},{"id":36,"url":"https:\/\/www.samariter.huwyler.photos\/?page_id=36","url_meta":{"origin":276,"position":1},"title":"Nothilfekurs","author":"Thomas Huwiler","date":"29. Dezember 2016","format":false,"excerpt":"Beschreibung\u00a0 Der obligatorische Erste-Hilfe-Kurs f\u00fcr F\u00fchrerausweiserwerbende Im Nothilfekurs erlernen Sie lebensrettende Sofortmassnahmen. Diese erm\u00f6glichen es Ihnen, bei Verkehrsunf\u00e4llen sicher Erste Hilfe zu leisten und bei medizinischen Notf\u00e4llen die richtigen Massnahmen zu treffen. Der Kurs ist f\u00fcr F\u00fchrerausweiserwerbende obligatorisch. Flyer zum Download Inhalt Auf abwechslungsreiche und spielerische Weise trainieren Sie in\u2026","rel":"","context":"\u00c4hnlicher Beitrag","block_context":{"text":"\u00c4hnlicher Beitrag","link":""},"img":{"alt_text":"","src":"https:\/\/i0.wp.com\/www.samariter.huwyler.photos\/wp-content\/uploads\/2017\/02\/7Sami_Autofahrer_seitlich-283x300.jpg?resize=350%2C200","width":350,"height":200},"classes":[]},{"id":344,"url":"https:\/\/www.samariter.huwyler.photos\/?page_id=344","url_meta":{"origin":276,"position":2},"title":"Notf\u00e4lle bei Kleinkindern","author":"Thomas Huwiler","date":"12. M\u00e4rz 2017","format":false,"excerpt":"Im Kurs Notf\u00e4lle bei Kleinkindern erlernen Sie sicheres Handeln im Umgang mit Kindern in Notfallsituationen. Insbesondere liegt der Fokus des Kurses auf dem korrekten Vorgehen und der Anwendung von Erste-Hilfe-Massnahmen bei ansprechbaren, wie auch bewusstlosen oder leblosen Kindern. Inhalt Auf abwechslungsreiche und spielerische Weise trainieren Sie anhand realistisch nachgestellter Szenarien\u2026","rel":"","context":"\u00c4hnlicher Beitrag","block_context":{"text":"\u00c4hnlicher Beitrag","link":""},"img":{"alt_text":"","src":"","width":0,"height":0},"classes":[]},{"id":163,"url":"https:\/\/www.samariter.huwyler.photos\/?page_id=163","url_meta":{"origin":276,"position":3},"title":"BLS-AED-SRC Komplett","author":"Thomas Huwiler","date":"16. Februar 2017","format":false,"excerpt":"Beschreibung\u00a0 Der Komplettkurs f\u00fcr die grundlegenden Massnahmen zur Wiederbelebung Im Kurs BLS-AED-SRC Komplett (Generic Provider) erlernen Sie die wichtigsten lebensrettenden Massnahmen zur Wiederbelebung und deren Vertiefung und Anwendung bei Erwachsenen und Kindern in unterschiedlichen Situationen. \u00a0 Inhalt Auf abwechslungsreiche und spielerische Weise trainieren Sie in realistisch nachgestellten Szenen die BLS-AED-Massnahmen\u2026","rel":"","context":"\u00c4hnlicher Beitrag","block_context":{"text":"\u00c4hnlicher Beitrag","link":""},"img":{"alt_text":"","src":"","width":0,"height":0},"classes":[]},{"id":38,"url":"https:\/\/www.samariter.huwyler.photos\/?page_id=38","url_meta":{"origin":276,"position":4},"title":"Kursanmeldung","author":"Thomas Huwiler","date":"29. Dezember 2016","format":false,"excerpt":"Zur Zeit haben wir folgende Kurse ausgesghrieben: Um den Zahlungsverkehr zu vereinfachen und wir nicht mit den Kursbeitr\u00e4gen zur Bank gehen m\u00fcssen, m\u00f6chten wir euch bitten, den Kurs im Voraus auf unser Konto bei der Raiffeisenbank Root zu \u00fcberweisen. Unsere IBAN Nr.: CH53 8080 8007 6924 8511 3Samariterverein Root und\u2026","rel":"","context":"\u00c4hnlicher Beitrag","block_context":{"text":"\u00c4hnlicher Beitrag","link":""},"img":{"alt_text":"","src":"","width":0,"height":0},"classes":[]},{"id":325,"url":"https:\/\/www.samariter.huwyler.photos\/?page_id=325","url_meta":{"origin":276,"position":5},"title":"Blutspende","author":"Thomas Huwiler","date":"7. M\u00e4rz 2017","format":false,"excerpt":"Der Bedarf an Blutspenderinnen und Blutspendern steigt weil: viele langj\u00e4hrige treue Blutspender\/innen altershalber ausscheiden, es um einen treuen Blutspender\/in zu ersetzen, vier neue Spender\/innen braucht, ver\u00e4nderte Lebensgewohnheiten dazu f\u00fchren, dass Spender\/innen weniger h\u00e4ufig spenden. Ob treue\/r Blutspender\/in oder Neuspender\/in \u2013 nutzen auch Sie die Gelegenheit Blut zu spenden! Nach Ihrer\u2026","rel":"","context":"\u00c4hnlicher Beitrag","block_context":{"text":"\u00c4hnlicher Beitrag","link":""},"img":{"alt_text":"","src":"https:\/\/i0.wp.com\/www.samariter.huwyler.photos\/wp-content\/uploads\/2017\/02\/10sami_blutspender-300x182.jpg?resize=350%2C200","width":350,"height":200},"classes":[]}],"jetpack_likes_enabled":true,"_links":{"self":[{"href":"https:\/\/www.samariter.huwyler.photos\/index.php?rest_route=\/wp\/v2\/pages\/276","targetHints":{"allow":["GET"]}}],"collection":[{"href":"https:\/\/www.samariter.huwyler.photos\/index.php?rest_route=\/wp\/v2\/pages"}],"about":[{"href":"https:\/\/www.samariter.huwyler.photos\/index.php?rest_route=\/wp\/v2\/types\/page"}],"author":[{"embeddable":true,"href":"https:\/\/www.samariter.huwyler.photos\/index.php?rest_route=\/wp\/v2\/users\/1"}],"replies":[{"embeddable":true,"href":"https:\/\/www.samariter.huwyler.photos\/index.php?rest_route=%2Fwp%2Fv2%2Fcomments&post=276"}],"version-history":[{"count":6,"href":"https:\/\/www.samariter.huwyler.photos\/index.php?rest_route=\/wp\/v2\/pages\/276\/revisions"}],"predecessor-version":[{"id":294,"href":"https:\/\/www.samariter.huwyler.photos\/index.php?rest_route=\/wp\/v2\/pages\/276\/revisions\/294"}],"wp:attachment":[{"href":"https:\/\/www.samariter.huwyler.photos\/index.php?rest_route=%2Fwp%2Fv2%2Fmedia&parent=276"}],"curies":[{"name":"wp","href":"https:\/\/api.w.org\/{rel}","templated":true}]}}