{"id":25,"date":"2016-12-28T19:14:45","date_gmt":"2016-12-28T19:14:45","guid":{"rendered":"http:\/\/www.samariter.huwyler.photos\/?page_id=25"},"modified":"2025-04-13T08:07:54","modified_gmt":"2025-04-13T06:07:54","slug":"kontakt","status":"publish","type":"page","link":"https:\/\/www.samariter.huwyler.photos\/?page_id=25","title":{"rendered":"Kontakt"},"content":{"rendered":"\n<table id=\"tablepress-4\" class=\"tablepress tablepress-id-4\">\n<thead>\n<tr class=\"row-1\">\n\t<th class=\"column-1\">Vereinsadresse<\/th><th class=\"column-2\">Standort Samariterlokal<\/th>\n<\/tr>\n<\/thead>\n<tbody class=\"row-striping row-hover\">\n<tr class=\"row-2\">\n\t<td class=\"column-1\">Samariterverein Root und Umgebung<br \/>\nRoot, Dierikon, Gisikon, Honau<br \/>\nPr\u00e4sidentin Theres Schraner<br \/>\nH\u00f6flistrasse 7<br \/>\n6030 Ebikon<br \/>\nTel: 078\/800\u201953\u201908<\/td><td class=\"column-2\">R\u00f6seligarten <br \/>\nSchulstrasse 5<br \/>\n6037 Root<br \/>\n<br \/>\nDas Lokal befindet sich im 1. UG<br \/>\n<a href=\"https:\/\/i0.wp.com\/www.samariter.huwyler.photos\/wp-content\/uploads\/2017\/02\/Sam-Lokal.jpg\"><img data-recalc-dims=\"1\" loading=\"lazy\" decoding=\"async\" src=\"https:\/\/i0.wp.com\/www.samariter.huwyler.photos\/wp-content\/uploads\/2017\/02\/Sam-Lokal.jpg?resize=300%2C187\" alt=\"\" width=\"300\" height=\"187\" class=\"alignnone size-medium wp-image-292\" srcset=\"https:\/\/i0.wp.com\/www.samariter.huwyler.photos\/wp-content\/uploads\/2017\/02\/Sam-Lokal.jpg?resize=300%2C187&amp;ssl=1 300w, https:\/\/i0.wp.com\/www.samariter.huwyler.photos\/wp-content\/uploads\/2017\/02\/Sam-Lokal.jpg?resize=768%2C478&amp;ssl=1 768w, https:\/\/i0.wp.com\/www.samariter.huwyler.photos\/wp-content\/uploads\/2017\/02\/Sam-Lokal.jpg?resize=1024%2C638&amp;ssl=1 1024w, https:\/\/i0.wp.com\/www.samariter.huwyler.photos\/wp-content\/uploads\/2017\/02\/Sam-Lokal.jpg?w=1177&amp;ssl=1 1177w\" sizes=\"auto, (max-width: 300px) 100vw, 300px\" \/><\/a><\/td>\n<\/tr>\n<\/tbody>\n<\/table>\n<!-- #tablepress-4 from cache -->\n<p>\u00a0<\/p>\n\n<style>\n\/* Grid View Layout *\/\n#people_contacts_container .people-entry-item .p_content_left,\n.people-entry-item .p_content_left{\n\twidth: 24% !important;\n\tfloat: left !important;\n\ttext-align:center;\n}\n#people_contacts_container .people-entry-item .p_content_right,\n.people-entry-item .p_content_right{\n\twidth: 74% !important;\n\tfloat: right !important;\n}\n\n\/* Card Fonts *\/\n#people_contacts_container .people-entry-item .p_item_title,\n.people-entry-item .p_item_title {\n\t\/* Font *\/\n\tfont:bold 18px\/1.4em Arial, sans-serif !important;color:#000000 !important;}\n#people_contacts_container .people-entry-item .p_item_name,\n.people-entry-item .p_item_name {\n\t\/* Font *\/\n\tfont:bold 16px\/1.4em Arial, sans-serif !important;color:#000000 !important;}\n#people_contacts_container .people-entry-item .p_about_profile *,\n.people-entry-item .p_about_profile * {\n\t\/* Font *\/\n\tfont:normal 13px\/1.4em Arial, sans-serif !important;color:#000000 !important;}\n#people_contacts_container .people-entry-item .p_contact_details *,\n.people-entry-item .p_contact_details * {\n\t\/* Font *\/\n\tfont:normal 13px\/1.4em Arial, sans-serif !important;color:#000000 !important;}\n#people_contacts_container .people-entry-item .p_about_profile a,\n.people-entry-item .p_about_profile a,\n#people_contacts_container .people-entry-item .p_contact_details a,\n.people-entry-item .p_contact_details a {\n\t\/* Color *\/\n\tcolor: #1A8FB2 !important;\n}\n#people_contacts_container .people-entry-item .p_about_profile a:hover,\n.people-entry-item .p_about_profile a:hover,\n#people_contacts_container .people-entry-item .p_contact_details a:hover,\n.people-entry-item .p_contact_details a:hover {\n\t\/* Hover Color *\/\n\tcolor: #23527c !important;\n}\n\n\/* Thumb Image Style *\/\n#people_contacts_container .people-entry-item .p_content_left img,\n.people-entry-item .p_content_left img{\n\t\n\twidth: auto !important;\n\tmax-width:100% !important;\n}\n\n#people_contacts_container .people-entry-item .p_content_left img,\n.people-entry-item .p_content_left img,\nbody #people_contacts_container #map_canvas .infowindow .info_avatar img,\nbody #people_contacts_container .map_canvas_container .infowindow .info_avatar img,\n.custom_contact_popup .people_email_inquiry_default_image_container img {\n\tbackground: #FFFFFF !important;\n\t\n\tborder: 1px solid #DBDBDB !important;\tpadding:2px !important;\n\n\tborder-radius: 200px !important;\n\t-moz-border-radius: 200px !important;\n\t-webkit-border-radius: 200px !important;\n\tbox-shadow: 5px 5px 2px 2px #DBDBDB  !important;-moz-box-shadow: 5px 5px 2px 2px #DBDBDB  !important;-webkit-box-shadow: 5px 5px 2px 2px #DBDBDB  !important;\n\tbox-sizing:border-box !important;\n\t-moz-box-sizing:border-box !important;\n\t-webkit-box-sizing:border-box !important;\n}\n\n#people_contacts_container .people_item .people-entry-item,\n.people_item .people-entry-item{\n\tbackground-color:#FFFFFF;\n\tborder: 1px solid #DBDBDB !important;border-radius: 0px !important;-moz-border-radius: 0px !important;-webkit-border-radius: 0px !important;\tpadding:10px 10px 10px 10px;\n\tbox-shadow: 5px 5px 2px 2px #DBDBDB  !important;-moz-box-shadow: 5px 5px 2px 2px #DBDBDB  !important;-webkit-box-shadow: 5px 5px 2px 2px #DBDBDB  !important;}\n#people_contacts_container .people_box_content.has_map .people_item.has_marker .people-entry-item,\n.people_box_content.has_map .people_item.has_marker .people-entry-item {\n\tcursor: pointer;\n}\n#people_contacts_container .people_box_content.has_map .people_item.has_marker .people-entry-item:hover,\n.people_box_content.has_map .people_item.has_marker .people-entry-item:hover {\n\tbackground-color:#e6f3f4;\n}\n#people_contacts_container .infowindow{\n\tbackground-color:#e6f3f4;\n\tpadding:10px;\n}\n\n\n\/* Email Inquiry Form Style *\/\n.custom_contact_popup * {\n\tbox-sizing:content-box !important;\n\t-moz-box-sizing:content-box !important;\n\t-webkit-box-sizing:content-box !important;\t\n}\n.custom_contact_popup {\n\tbackground-color: #FFFFFF !important;\n}\nbody .custom_contact_popup,\n.custom_contact_popup {\n\t\/* Font *\/\n\tfont:normal 12px\/1.4em Arial, sans-serif !important;color:#000000 !important;}\n.people_email_inquiry_contact_heading {\n\t\/* Font *\/\n\tfont:normal 14px\/1.4em Arial, sans-serif !important;color:#000000 !important;}\n.people_email_inquiry_site_name {\n\t\/* Font *\/\n\tfont:normal 28px\/1.4em Arial, sans-serif !important;color:#000000 !important;}\n.people_email_inquiry_profile_position {\n\t\/* Font *\/\n\tfont:bold 14px\/1.4em Arial, sans-serif !important;color:#000000 !important;}\n.people_email_inquiry_profile_name {\n\t\/* Font *\/\n\tfont:bold 14px\/1.4em Arial, sans-serif !important;color:#000000 !important;}\n.custom_contact_popup input,\n.custom_contact_popup textarea{\n\t\/*Border*\/\n\tborder: 1px solid #CCCCCC !important;border-radius: 0px !important;-moz-border-radius: 0px !important;-webkit-border-radius: 0px !important;\t\n\t\/*Background*\/\n\tbackground-color: #FAFAFA !important;\n\t\n\t\/* Font *\/\n\tcolor: #000000 !important;\n}\n\n\/* Email Inquiry Form Button Style *\/\nbody .people_email_inquiry_form_button,\n.people_email_inquiry_form_button {\n\tposition: relative !important;\n\tcursor:pointer;\n\tdisplay: inline-block !important;\n\tline-height: 1 !important;\n}\nbody .people_email_inquiry_form_button,\n.people_email_inquiry_form_button {\n\tpadding: 7px 10px !important;\n\tmargin:0;\n\t\n\t\/*Background*\/\n\tbackground-color: #EE2B2B !important;\n\tbackground: -webkit-gradient(\n\t\t\t\t\tlinear,\n\t\t\t\t\tleft top,\n\t\t\t\t\tleft bottom,\n\t\t\t\t\tcolor-stop(.2, #FBCACA),\n\t\t\t\t\tcolor-stop(1, #EE2B2B)\n\t\t\t\t) !important;\n\tbackground: -moz-linear-gradient(\n\t\t\t\t\tcenter top,\n\t\t\t\t\t#FBCACA 20%,\n\t\t\t\t\t#EE2B2B 100%\n\t\t\t\t) !important;\n\t\n\t\/*Border*\/\n\tborder: 1px solid #EE2B2B !important;border-radius: 3px 3px 3px 3px !important;-moz-border-radius: 3px 3px 3px 3px !important;-webkit-border-radius: 3px 3px 3px 3px !important;\t\n\t\/* Font *\/\n\tfont:normal 12px\/1.4em Arial, sans-serif !important;color:#FFFFFF !important;\t\t\n\ttext-align: center !important;\n\ttext-shadow: 0 -1px 0 hsla(0,0%,0%,.3);\n\ttext-decoration: none !important;\n}\n<\/style>\n    <script type=\"text\/javascript\">\n\t\tif(!(window.console && console.log)) {\n\t\t\tconsole = {\n\t\t\t\tlog: function(){},\n\t\t\t\tdebug: function(){},\n\t\t\t\tinfo: function(){},\n\t\t\t\twarn: function(){},\n\t\t\t\terror: function(){}\n\t\t\t};\n\t\t}\n\t<\/script>\n\n    <div style=\"clear:both;\"><\/div><div class=\"people_box_content pcol0\" style=\"float:none;width:100%;max-width:300px;\"><div class=\"people_item\" style=\"width:100%;margin:0 !important;\"><div class=\"people-entry-item\"><div style=\"clear:both;\"><\/div><div class=\"people-content-item\"><h3 class=\"p_item_title\">Kontaktformular<\/h3><div class=\"p_content_left\"><img data-recalc-dims=\"1\" decoding=\"async\" class=\"contact-people-image wp-image-0\" src=\"https:\/\/i0.wp.com\/www.samariter.huwyler.photos\/wp-content\/plugins\/contact-us-page-contact-people\/assets\/images\/no-avatar.png?w=860\" alt=\"Samariter Root u. Umgebung\" \/><\/div><div class=\"p_content_right\"><h3 class=\"p_item_name\">Samariter Root u. Umgebung<\/h3><div class=\"p_contact_details\"><p style=\"margin-bottom:5px;\"><span class=\"p_icon_website\"><img data-recalc-dims=\"1\" decoding=\"async\" src=\"https:\/\/i0.wp.com\/www.samariter.huwyler.photos\/wp-content\/plugins\/contact-us-page-contact-people\/assets\/images\/p_icon_website.png?w=860\" style=\"width:auto;height:auto\" \/><\/span> <a rel=\"noopener\" href=\"http:\/\/www.samariter-root.ch\" target=\"_blank\">Visit Website<\/a><\/p><p style=\"margin-bottom:0px;\"><span class=\"p_icon_email\"><img data-recalc-dims=\"1\" decoding=\"async\" src=\"https:\/\/i0.wp.com\/www.samariter.huwyler.photos\/wp-content\/plugins\/contact-us-page-contact-people\/assets\/images\/p_icon_email.png?w=860\" style=\"width:auto;height:auto\" \/><\/span> <a data-form_type=\"default\" data-toggle=\"modal\" id=\"contact_people_bt_11_1594\" data-from_page_id=\"25\" data-from_page_title=\"Kontakt\" data-from_page_url=\"https:\/\/www.samariter.huwyler.photos\/?page_id=25\" href=\"#contact_people_modal_11\">Click Here<\/a><\/p><div class=\"modal fade contact_people_modal\" id=\"contact_people_modal_11\" tabindex=\"-1\" role=\"dialog\" aria-labelledby=\"contact_people_modal_11Title\" aria-hidden=\"true\" style=\"display: none;\">\t<div class=\"modal-dialog modal-dialog-centered\" role=\"document\">\n\t\t<div class=\"modal-content\">\n\t\t\t<div class=\"modal-header\">\n\t\t\t\t<div class=\"modal-title people_email_inquiry_contact_heading\">This email will be delivered to:<\/div>\n\t\t\t\t<span class=\"close\" data-dismiss=\"modal\" aria-label=\"Close\">\n\t\t\t\t\t<span aria-hidden=\"true\">&times;<\/span>\n\t\t\t\t<\/span>\n\t\t\t<\/div>\n\t\t\t<div class=\"modal-body\">\n\t\t\t\t<div class=\"custom_contact_popup \">\n\n\t<div>\n\n\t\t<div style=\"clear:both\"><\/div>\n\n        <div class=\"people_email_inquiry_site_name\">Samariterverein Root und Umgebung<\/div>\n\n        <div style=\"clear:both; margin-top:5px\"><\/div>\n\n\t\t<div style=\"float:left; margin-right:20px;\" class=\"people_email_inquiry_default_image_container\"><img data-recalc-dims=\"1\" decoding=\"async\"  class=\"a3-notlazy wp-image-0\" src=\"https:\/\/i0.wp.com\/www.samariter.huwyler.photos\/wp-content\/plugins\/contact-us-page-contact-people\/assets\/images\/no-avatar.png?w=80\" alt=\"Samariter Root u. Umgebung\" \/><\/div>\n\n        <div style=\"display:block; margin-bottom:10px; padding-left:22%;\" class=\"people_email_inquiry_product_heading_container\">\n\t\t\t<div class=\"people_email_inquiry_profile_position\">Kontaktformular<\/div>\n            <div class=\"people_email_inquiry_profile_name\">Samariter Root u. Umgebung<\/div>\n        <\/div>\n\n\t\t<div style=\"clear:both;height:1em;\"><\/div>\n\n        <div class=\"people_email_inquiry_content\">\n\n        \t<input type=\"hidden\" value=\"info@samariter-root.ch\" class=\"profile_email\" name=\"profile_email\" \/>\n        \t<input type=\"hidden\" value=\"Kontaktformular Samariter Root u. Umgebung\" class=\"profile_name\" name=\"profile_name\" \/>\n\n            <div class=\"people_email_inquiry_field\">\n                <label class=\"people_email_inquiry_label\">\n                \tName \n\n                \t\n                <\/label>\n\n                <input type=\"text\" name=\"c_name\" class=\"c_name\" value=\"\" title=\"Name\">\n\t\t\t<\/div>\n\n            <div class=\"people_email_inquiry_field\">\n                <label class=\"people_email_inquiry_label\">\n                \tEmail \n\n                \t<span class=\"gfield_required\">*<\/span>\n                <\/label>\n\n                <input type=\"text\" name=\"c_email\" class=\"c_email\" value=\"\" title=\"Email\">\n\t\t\t<\/div>\n\n\t\t\t\n            <div class=\"people_email_inquiry_field\">\n                <label class=\"people_email_inquiry_label\">\n                \tPhone\n                \t \n                <\/label>\n\n                <input type=\"text\" name=\"c_phone\" class=\"c_phone\" value=\"\" title=\"Phone\">\n\t\t\t<\/div>\n\n\t\t\t\n\t\t\t\n            <div class=\"people_email_inquiry_field\">\n                <label class=\"people_email_inquiry_label\">\n                \tSubject\n                \t                \t<span class=\"gfield_required\">*<\/span>\n                \t                <\/label>\n\n                <input type=\"text\" name=\"c_subject\" class=\"c_subject\" value=\"\" title=\"Subject\">\n\t\t\t<\/div>\n\n\t\t\t\n            <div class=\"people_email_inquiry_field\">\n                <label class=\"people_email_inquiry_label\">\n                \tMessage \n\n                \t                \t<span class=\"gfield_required\">*<\/span>\n                \t                <\/label>\n\n                <textarea rows=\"3\" name=\"c_message\" class=\"c_message\" title=\"Message\"><\/textarea>\n\t\t\t<\/div>\n\n            \n\t\t\t<div class=\"people_email_inquiry_field\">\n                <label class=\"people_email_inquiry_label\">&nbsp;<\/label>\n                <label class=\"people_email_inquiry_send_copy\">\n                \t<input type=\"checkbox\" name=\"send_copy\" class=\"send_copy\" value=\"1\"> Send a copy of this email to myself.                <\/label>\n            <\/div>\n\n            \n            \n            <div class=\"people_email_inquiry_field\">&nbsp;<\/div>\n\n                        \n\t\t\t<div class=\"people_email_inquiry_field\">\n\t\t\t\tThe information you enter here will be sent directly to the recipient. It is not stored on this sites database. Read more in our <a href=\"#\" target=\"_blank\" rel=\"noopener\">Privacy Policy<\/a>\t\t\t<\/div>\n\n\t\t\t\n\t\t\t\t\t\t\t\t\t<div class=\"people_email_inquiry_field\">\n\t\t\t\t<label class=\"people_email_inquiry_send_copy\">\n\t\t\t\t\t<input type=\"checkbox\" name=\"agree_terms\" class=\"agree_terms\" value=\"1\"> I have read and agree to the website terms and conditions\t\t\t\t<\/label>\n\t\t\t<\/div>\n\n\t\t\t<div class=\"people_email_inquiry_field\">&nbsp;<\/div>\n\n\t\t\t\n            <div class=\"people_email_inquiry_field\">\n                <a class=\"people_email_inquiry_form_button \"\n                \tdata-contact_id=\"11\"\n                \tdata-from_page_id=\"25\"\n                \tdata-name_required=\"0\"\n\t            \tdata-show_phone=\"1\"\n\t            \tdata-phone_required=\"0\"\n\t            \tdata-show_subject=\"1\"\n\t            \tdata-subject_required=\"1\"\n\t            \tdata-message_required=\"1\"\n\t            \tdata-show_acceptance=\"1\"\n                >SEND<\/a>\n            <\/div>\n\n            <div style=\"clear:both\"><\/div>\n        <\/div>\n\n        <div class=\"people_email_inquiry_notification_message people_email_inquiry_success_message\"><\/div>\n\t\t<div class=\"people_email_inquiry_notification_message people_email_inquiry_error_message\"><\/div>\n\n\t\t<div style=\"clear:both\"><\/div>\n\t\t<div class=\"ajax-wait\">&nbsp;<\/div>\n\t<\/div>\n<\/div>\n\t\t\t\t\t<\/div>\n\t\t<\/div>\n\t<\/div>\n\t<\/div><\/div><\/div><\/div><div style=\"clear:both;\"><\/div><\/div><\/div><\/div><div style=\"clear:both;\"><\/div>\n\n\n<p><\/p>\n","protected":false},"excerpt":{"rendered":"<p>\u00a0<\/p>\n","protected":false},"author":1,"featured_media":0,"parent":0,"menu_order":6,"comment_status":"closed","ping_status":"closed","template":"","meta":{"jetpack_post_was_ever_published":false,"footnotes":""},"class_list":["post-25","page","type-page","status-publish","hentry"],"jetpack_sharing_enabled":true,"jetpack_shortlink":"https:\/\/wp.me\/P924LW-p","jetpack-related-posts":[{"id":1069,"url":"https:\/\/www.samariter.huwyler.photos\/?page_id=1069","url_meta":{"origin":25,"position":0},"title":"Jahresprogramm 2026","author":"Thomas Huwiler","date":"3. M\u00e4rz 2026","format":false,"excerpt":"[Table id=19 \/] Wir empfehlen Ihnen, unser Jahresprogramm herunter zu laden, da es weitere n\u00fctzliche Informationen enth\u00e4lt. Blutspenden: 10. M\u00e4rz \/ 20. Oktober 17:00-20:00 Uhr, im Pfarreiheim Root, Schulstrasse 7 Nothilfekurse: Freitag\/Samstag, 06. \/07. M\u00e4rz\u00a0\u00a0\u00a0\u00a0\u00a0\u00a0\u00a0\u00a0\u00a0\u00a0\u00a0\u00a0\u00a0\u00a0\u00a0\u00a0\u00a0\u00a0\u00a0\u00a0\u00a0\u00a0\u00a0\u00a0\u00a0 Fr: 19:00-22:00 \/ Sa: 08:30 \u2013 12:00 \/ 13:00 \u2013 16:30 Uhr Freitag\/Samstag, 01. \/\u2026","rel":"","context":"\u00c4hnlicher Beitrag","block_context":{"text":"\u00c4hnlicher Beitrag","link":""},"img":{"alt_text":"","src":"","width":0,"height":0},"classes":[]},{"id":96,"url":"https:\/\/www.samariter.huwyler.photos\/?page_id=96","url_meta":{"origin":25,"position":1},"title":"Individualkurse (Firmenkurse)","author":"Thomas Huwiler","date":"4. Januar 2017","format":false,"excerpt":"Individualkurse (fr\u00fcher Firmenkurse) f\u00fchren wir gerne wieder durch. Wenn Sie als Firma, Verein, Beh\u00f6rde oder Institution eine Erste Hilfe Ausbildung f\u00fcr Ihre Mitarbeiter oder Mitglieder durchf\u00fchren wollen, nehmen Sie doch mit uns Kontakt auf. Zusammen werden wir einen auf Ihre Bed\u00fcrfnisse angepassten Kurs zusammenstellen. Bitte benutzen Sie f\u00fcr Ihre Anfrage\u2026","rel":"","context":"\u00c4hnlicher Beitrag","block_context":{"text":"\u00c4hnlicher Beitrag","link":""},"img":{"alt_text":"","src":"","width":0,"height":0},"classes":[]},{"id":38,"url":"https:\/\/www.samariter.huwyler.photos\/?page_id=38","url_meta":{"origin":25,"position":2},"title":"Kursanmeldung","author":"Thomas Huwiler","date":"29. Dezember 2016","format":false,"excerpt":"Zur Zeit haben wir folgende Kurse ausgesghrieben: Um den Zahlungsverkehr zu vereinfachen und wir nicht mit den Kursbeitr\u00e4gen zur Bank gehen m\u00fcssen, m\u00f6chten wir euch bitten, den Kurs im Voraus auf unser Konto bei der Raiffeisenbank Root zu \u00fcberweisen. Unsere IBAN Nr.: CH53 8080 8007 6924 8511 3Samariterverein Root und\u2026","rel":"","context":"\u00c4hnlicher Beitrag","block_context":{"text":"\u00c4hnlicher Beitrag","link":""},"img":{"alt_text":"","src":"","width":0,"height":0},"classes":[]},{"id":344,"url":"https:\/\/www.samariter.huwyler.photos\/?page_id=344","url_meta":{"origin":25,"position":3},"title":"Notf\u00e4lle bei Kleinkindern","author":"Thomas Huwiler","date":"12. M\u00e4rz 2017","format":false,"excerpt":"Im Kurs Notf\u00e4lle bei Kleinkindern erlernen Sie sicheres Handeln im Umgang mit Kindern in Notfallsituationen. Insbesondere liegt der Fokus des Kurses auf dem korrekten Vorgehen und der Anwendung von Erste-Hilfe-Massnahmen bei ansprechbaren, wie auch bewusstlosen oder leblosen Kindern. Inhalt Auf abwechslungsreiche und spielerische Weise trainieren Sie anhand realistisch nachgestellter Szenarien\u2026","rel":"","context":"\u00c4hnlicher Beitrag","block_context":{"text":"\u00c4hnlicher Beitrag","link":""},"img":{"alt_text":"","src":"","width":0,"height":0},"classes":[]},{"id":163,"url":"https:\/\/www.samariter.huwyler.photos\/?page_id=163","url_meta":{"origin":25,"position":4},"title":"BLS-AED-SRC Komplett","author":"Thomas Huwiler","date":"16. Februar 2017","format":false,"excerpt":"Beschreibung\u00a0 Der Komplettkurs f\u00fcr die grundlegenden Massnahmen zur Wiederbelebung Im Kurs BLS-AED-SRC Komplett (Generic Provider) erlernen Sie die wichtigsten lebensrettenden Massnahmen zur Wiederbelebung und deren Vertiefung und Anwendung bei Erwachsenen und Kindern in unterschiedlichen Situationen. \u00a0 Inhalt Auf abwechslungsreiche und spielerische Weise trainieren Sie in realistisch nachgestellten Szenen die BLS-AED-Massnahmen\u2026","rel":"","context":"\u00c4hnlicher Beitrag","block_context":{"text":"\u00c4hnlicher Beitrag","link":""},"img":{"alt_text":"","src":"","width":0,"height":0},"classes":[]}],"jetpack_likes_enabled":true,"_links":{"self":[{"href":"https:\/\/www.samariter.huwyler.photos\/index.php?rest_route=\/wp\/v2\/pages\/25","targetHints":{"allow":["GET"]}}],"collection":[{"href":"https:\/\/www.samariter.huwyler.photos\/index.php?rest_route=\/wp\/v2\/pages"}],"about":[{"href":"https:\/\/www.samariter.huwyler.photos\/index.php?rest_route=\/wp\/v2\/types\/page"}],"author":[{"embeddable":true,"href":"https:\/\/www.samariter.huwyler.photos\/index.php?rest_route=\/wp\/v2\/users\/1"}],"replies":[{"embeddable":true,"href":"https:\/\/www.samariter.huwyler.photos\/index.php?rest_route=%2Fwp%2Fv2%2Fcomments&post=25"}],"version-history":[{"count":16,"href":"https:\/\/www.samariter.huwyler.photos\/index.php?rest_route=\/wp\/v2\/pages\/25\/revisions"}],"predecessor-version":[{"id":1054,"href":"https:\/\/www.samariter.huwyler.photos\/index.php?rest_route=\/wp\/v2\/pages\/25\/revisions\/1054"}],"wp:attachment":[{"href":"https:\/\/www.samariter.huwyler.photos\/index.php?rest_route=%2Fwp%2Fv2%2Fmedia&parent=25"}],"curies":[{"name":"wp","href":"https:\/\/api.w.org\/{rel}","templated":true}]}}