{"id":163,"date":"2017-02-16T21:12:05","date_gmt":"2017-02-16T21:12:05","guid":{"rendered":"http:\/\/www.samariter.huwyler.photos\/?page_id=163"},"modified":"2017-03-12T07:44:52","modified_gmt":"2017-03-12T07:44:52","slug":"bls-aed-src-komplett","status":"publish","type":"page","link":"https:\/\/www.samariter.huwyler.photos\/?page_id=163","title":{"rendered":"BLS-AED-SRC Komplett"},"content":{"rendered":"<p><strong>Beschreibung\u00a0 <\/strong><\/p>\n<p><strong>Der Komplettkurs f\u00fcr die grundlegenden Massnahmen zur Wiederbelebung<\/strong><\/p>\n<p>Im Kurs BLS-AED-SRC Komplett (Generic Provider) erlernen Sie die wichtigsten lebensrettenden Massnahmen zur Wiederbelebung und deren Vertiefung und Anwendung bei Erwachsenen und Kindern in unterschiedlichen Situationen.<\/p>\n<p>&nbsp;<\/p>\n<p><strong>Inhalt<\/strong><\/p>\n<p>Auf abwechslungsreiche und spielerische Weise trainieren Sie in realistisch nachgestellten Szenen die BLS-AED-Massnahmen bei einem Herzkreislaufstillstand (BLS = Basic Life Support) bei Erwachsenen und Kindern sowie die Anwendung des AED-Ger\u00e4tes (AED = Automatisierter externer Defibrillator). Der Kurs beinhaltet unter anderem folgende Themen:<\/p>\n<p>&nbsp;<\/p>\n<p>&#8211; Erkennen und Beurteilen von Notfallsituationen<\/p>\n<p>inkl. Herzinfarkt und Schlaganfall<\/p>\n<p>&#8211; Probleml\u00f6sung in Notfallsituationen<\/p>\n<p>&#8211; Bewusstlosenlagerung<\/p>\n<p>&#8211; Handlungsablauf gem\u00e4ss &#8222;Algorithmus BLS-AED-SRC&#8220;<\/p>\n<p>&#8211; Grundfertigkeiten-Training (Erstbeurteilung, Herzdruckmassage,<\/p>\n<p>Beatmung, Defibrillation mittels AED bei Erwachsenen und Kindern)<\/p>\n<p>&nbsp;<\/p>\n<p><strong>Der Unterricht vermittelt auf einfache Art viel praktisches Wissen und basiert auf den aktuellsten Richtlinien f\u00fcr Erste Hilfe.<\/strong><\/p>\n<p>&nbsp;<\/p>\n<p><strong>Zielgruppe<\/strong><\/p>\n<p>Interessierte Personen ab dem 10. Lebensjahr, die sich das Basis-Wissen f\u00fcr wiederbelebende Massnahmen aneignen m\u00f6chten oder aus beruflichen Gr\u00fcnden m\u00fcssen (z.B. First-Responder, Betriebssanit\u00e4ter, Polizisten, Bademeister, Fitnessinstruktoren, Feuerwehrangeh\u00f6rige aber auch Angeh\u00f6rige von Herzpatienten).<\/p>\n<p>&nbsp;<\/p>\n<p><strong>Voraussetzungen<\/strong><\/p>\n<p>Keine<\/p>\n<p>&nbsp;<\/p>\n<p><strong>Dauer<\/strong><\/p>\n<p>4 Stunden<\/p>\n<p>&nbsp;<\/p>\n<p><strong>Zertifikat<\/strong><\/p>\n<p>Nach Abschluss des Kurses erhalten Sie das Kurs-Zertifikat SRC-BLS-AED Komplett (G\u00fcltigkeit 3 Jahre).<\/p>\n<p><a href=\"http:\/\/www.samariter.huwyler.photos\/?page_id=38\"><strong>Anmeldung<\/strong><\/a><\/p>\n<p>&nbsp;<\/p>\n<p>&nbsp;<\/p>\n","protected":false},"excerpt":{"rendered":"<p>Beschreibung\u00a0 Der Komplettkurs f\u00fcr die grundlegenden Massnahmen zur Wiederbelebung Im Kurs BLS-AED-SRC Komplett (Generic Provider) erlernen Sie die wichtigsten lebensrettenden Massnahmen zur Wiederbelebung und deren Vertiefung und Anwendung bei Erwachsenen und Kindern in unterschiedlichen Situationen. &nbsp; Inhalt Auf abwechslungsreiche und spielerische Weise trainieren Sie in realistisch nachgestellten Szenen die BLS-AED-Massnahmen bei einem Herzkreislaufstillstand (BLS = Basic Life Support) bei Erwachsenen<\/p>\n","protected":false},"author":1,"featured_media":0,"parent":22,"menu_order":4,"comment_status":"closed","ping_status":"closed","template":"","meta":{"jetpack_post_was_ever_published":false,"footnotes":""},"class_list":["post-163","page","type-page","status-publish","hentry"],"jetpack_sharing_enabled":true,"jetpack_shortlink":"https:\/\/wp.me\/P924LW-2D","jetpack-related-posts":[{"id":36,"url":"https:\/\/www.samariter.huwyler.photos\/?page_id=36","url_meta":{"origin":163,"position":0},"title":"Nothilfekurs","author":"Thomas Huwiler","date":"29. Dezember 2016","format":false,"excerpt":"Beschreibung\u00a0 Der obligatorische Erste-Hilfe-Kurs f\u00fcr F\u00fchrerausweiserwerbende Im Nothilfekurs erlernen Sie lebensrettende Sofortmassnahmen. Diese erm\u00f6glichen es Ihnen, bei Verkehrsunf\u00e4llen sicher Erste Hilfe zu leisten und bei medizinischen Notf\u00e4llen die richtigen Massnahmen zu treffen. Der Kurs ist f\u00fcr F\u00fchrerausweiserwerbende obligatorisch. Flyer zum Download Inhalt Auf abwechslungsreiche und spielerische Weise trainieren Sie in\u2026","rel":"","context":"\u00c4hnlicher Beitrag","block_context":{"text":"\u00c4hnlicher Beitrag","link":""},"img":{"alt_text":"","src":"https:\/\/i0.wp.com\/www.samariter.huwyler.photos\/wp-content\/uploads\/2017\/02\/7Sami_Autofahrer_seitlich-283x300.jpg?resize=350%2C200","width":350,"height":200},"classes":[]},{"id":160,"url":"https:\/\/www.samariter.huwyler.photos\/?page_id=160","url_meta":{"origin":163,"position":1},"title":"Nothilfekurs &#8211; Blended Learning","author":"Thomas Huwiler","date":"16. Februar 2017","format":false,"excerpt":"Beschreibung\u00a0 Der Selbstlern-Nothilfekurs f\u00fcr F\u00fchrerausweiserwerbende Im Nothilfekurs erlernen Sie lebensrettende Sofortmassnahmen. Diese erm\u00f6glichen es Ihnen, bei Verkehrsunf\u00e4llen sicher Erste Hilfe zu leisten und bei medizinischen Notf\u00e4llen die richtigen Massnahmen zu treffen. Der Kurs ist f\u00fcr F\u00fchrerausweiserwerbende obligatorisch. Im Gegensatz zum herk\u00f6mmlichen Nothilfekurs besteht dieser Kurs aus einem Selbstlernteil f\u00fcr die\u2026","rel":"","context":"\u00c4hnlicher Beitrag","block_context":{"text":"\u00c4hnlicher Beitrag","link":""},"img":{"alt_text":"","src":"","width":0,"height":0},"classes":[]},{"id":344,"url":"https:\/\/www.samariter.huwyler.photos\/?page_id=344","url_meta":{"origin":163,"position":2},"title":"Notf\u00e4lle bei Kleinkindern","author":"Thomas Huwiler","date":"12. M\u00e4rz 2017","format":false,"excerpt":"Im Kurs Notf\u00e4lle bei Kleinkindern erlernen Sie sicheres Handeln im Umgang mit Kindern in Notfallsituationen. Insbesondere liegt der Fokus des Kurses auf dem korrekten Vorgehen und der Anwendung von Erste-Hilfe-Massnahmen bei ansprechbaren, wie auch bewusstlosen oder leblosen Kindern. Inhalt Auf abwechslungsreiche und spielerische Weise trainieren Sie anhand realistisch nachgestellter Szenarien\u2026","rel":"","context":"\u00c4hnlicher Beitrag","block_context":{"text":"\u00c4hnlicher Beitrag","link":""},"img":{"alt_text":"","src":"","width":0,"height":0},"classes":[]},{"id":22,"url":"https:\/\/www.samariter.huwyler.photos\/?page_id=22","url_meta":{"origin":163,"position":3},"title":"Kurse","author":"Thomas Huwiler","date":"28. Dezember 2016","format":false,"excerpt":"Der Samariterverein verf\u00fcgt \u00fcber 2 Kursleter mit IVR 2. Dies erlaubt uns Nothilfe Kurse, BLS-AED und Individualkurse (fr\u00fcher Firmenkurse) durchzuf\u00fchren. Folgende Kurse haben wir im Moment im Angebot: Kursliste","rel":"","context":"\u00c4hnlicher Beitrag","block_context":{"text":"\u00c4hnlicher Beitrag","link":""},"img":{"alt_text":"","src":"https:\/\/i0.wp.com\/www.samariter.huwyler.photos\/wp-content\/uploads\/2017\/02\/58sami_wandtafel-292x300.jpg?resize=350%2C200","width":350,"height":200},"classes":[]},{"id":38,"url":"https:\/\/www.samariter.huwyler.photos\/?page_id=38","url_meta":{"origin":163,"position":4},"title":"Kursanmeldung","author":"Thomas Huwiler","date":"29. Dezember 2016","format":false,"excerpt":"Zur Zeit haben wir folgende Kurse ausgesghrieben: Um den Zahlungsverkehr zu vereinfachen und wir nicht mit den Kursbeitr\u00e4gen zur Bank gehen m\u00fcssen, m\u00f6chten wir euch bitten, den Kurs im Voraus auf unser Konto bei der Raiffeisenbank Root zu \u00fcberweisen. Unsere IBAN Nr.: CH53 8080 8007 6924 8511 3Samariterverein Root und\u2026","rel":"","context":"\u00c4hnlicher Beitrag","block_context":{"text":"\u00c4hnlicher Beitrag","link":""},"img":{"alt_text":"","src":"","width":0,"height":0},"classes":[]},{"id":325,"url":"https:\/\/www.samariter.huwyler.photos\/?page_id=325","url_meta":{"origin":163,"position":5},"title":"Blutspende","author":"Thomas Huwiler","date":"7. M\u00e4rz 2017","format":false,"excerpt":"Der Bedarf an Blutspenderinnen und Blutspendern steigt weil: viele langj\u00e4hrige treue Blutspender\/innen altershalber ausscheiden, es um einen treuen Blutspender\/in zu ersetzen, vier neue Spender\/innen braucht, ver\u00e4nderte Lebensgewohnheiten dazu f\u00fchren, dass Spender\/innen weniger h\u00e4ufig spenden. Ob treue\/r Blutspender\/in oder Neuspender\/in \u2013 nutzen auch Sie die Gelegenheit Blut zu spenden! Nach Ihrer\u2026","rel":"","context":"\u00c4hnlicher Beitrag","block_context":{"text":"\u00c4hnlicher Beitrag","link":""},"img":{"alt_text":"","src":"https:\/\/i0.wp.com\/www.samariter.huwyler.photos\/wp-content\/uploads\/2017\/02\/10sami_blutspender-300x182.jpg?resize=350%2C200","width":350,"height":200},"classes":[]}],"jetpack_likes_enabled":true,"_links":{"self":[{"href":"https:\/\/www.samariter.huwyler.photos\/index.php?rest_route=\/wp\/v2\/pages\/163","targetHints":{"allow":["GET"]}}],"collection":[{"href":"https:\/\/www.samariter.huwyler.photos\/index.php?rest_route=\/wp\/v2\/pages"}],"about":[{"href":"https:\/\/www.samariter.huwyler.photos\/index.php?rest_route=\/wp\/v2\/types\/page"}],"author":[{"embeddable":true,"href":"https:\/\/www.samariter.huwyler.photos\/index.php?rest_route=\/wp\/v2\/users\/1"}],"replies":[{"embeddable":true,"href":"https:\/\/www.samariter.huwyler.photos\/index.php?rest_route=%2Fwp%2Fv2%2Fcomments&post=163"}],"version-history":[{"count":4,"href":"https:\/\/www.samariter.huwyler.photos\/index.php?rest_route=\/wp\/v2\/pages\/163\/revisions"}],"predecessor-version":[{"id":343,"href":"https:\/\/www.samariter.huwyler.photos\/index.php?rest_route=\/wp\/v2\/pages\/163\/revisions\/343"}],"up":[{"embeddable":true,"href":"https:\/\/www.samariter.huwyler.photos\/index.php?rest_route=\/wp\/v2\/pages\/22"}],"wp:attachment":[{"href":"https:\/\/www.samariter.huwyler.photos\/index.php?rest_route=%2Fwp%2Fv2%2Fmedia&parent=163"}],"curies":[{"name":"wp","href":"https:\/\/api.w.org\/{rel}","templated":true}]}}