{"id":15,"date":"2016-12-28T19:09:25","date_gmt":"2016-12-28T19:09:25","guid":{"rendered":"http:\/\/www.samariter.huwyler.photos\/?page_id=15"},"modified":"2025-03-02T12:03:18","modified_gmt":"2025-03-02T10:03:18","slug":"sanitaetsdienst","status":"publish","type":"page","link":"https:\/\/www.samariter.huwyler.photos\/?page_id=15","title":{"rendered":"Sanit\u00e4tsdienst"},"content":{"rendered":"\n<p><\/p>\n\n\n<p>An zahlreichen Anl\u00e4ssen in unserem Einzugsgebiet leisten wir Sanit\u00e4tsdienst.<br \/>Mit unserem Material und der Ausbildung unseres Postenpersonales erf\u00fcllen wir die Richtlinien das SSB und IVR f\u00fcr den Sanit\u00e4tsdienst.<\/p>\n<p>Ein paar Anl\u00e4sse an welchen wir Sanit\u00e4tsdienst leisten:<br \/>&#8211; Rooter Dorfturnier<br \/>&#8211; Ausscheidungsturnier Sch\u00fclerturnier<br \/>&#8211; Michaelskreuz Schwingen<br \/>&#8211; Michaelskreuz Rennen<br \/>&#8211; Dorfturnier Dierikon<br \/>&#8211; Fasnachtsumzug Root<br \/>&#8211; Horrorball Root<br \/>&#8211; Tr\u00f6pfeler Ball Root<br \/>&#8211; Uslompete<br \/>&#8211; Steigr\u00f6bunacht<\/p>\n<p>und vielleicht auch bald f\u00fcr Ihren Anlass?<\/p>\n<p>Um weiterhin den Sanit\u00e4tsdienst an Ihrem Anlass sicher zu stellen, haben sich die drei rontaler Samaritervereine Ebikon, Buchrain und Root und Umgebung zum Verein &#8222;<a href=\"http:\/\/www.samariter-rontal.ch\" target=\"_blank\" rel=\"noopener\">Samariter Rontal<\/a>&#8220; zusammen geschlossen. Damit m\u00f6chten wir vorhandene Synergien nutzen.<\/p>\n\n\n<p class=\"has-text-color has-link-color wp-elements-8b762073db96165eff5304751af7397d\" style=\"color:#fa0202\">Bitte benutzen Sie die Webseite <a href=\"http:\/\/www.samariter-rontal.ch\" target=\"_blank\" rel=\"noreferrer noopener\">Samariter Rontal (www.samariter-rontal.ch)<\/a> f\u00fcr die Anfrage eines Sanit\u00e4tsdienstes f\u00fcr Ihren Anlass<\/p>\n\n\n\n<p><\/p>\n","protected":false},"excerpt":{"rendered":"<p>An zahlreichen Anl\u00e4ssen in unserem Einzugsgebiet leisten wir Sanit\u00e4tsdienst.Mit unserem Material und der Ausbildung unseres Postenpersonales erf\u00fcllen wir die Richtlinien das SSB und IVR f\u00fcr den Sanit\u00e4tsdienst. Ein paar Anl\u00e4sse an welchen wir Sanit\u00e4tsdienst leisten:&#8211; Rooter Dorfturnier&#8211; Ausscheidungsturnier Sch\u00fclerturnier&#8211; Michaelskreuz Schwingen&#8211; Michaelskreuz Rennen&#8211; Dorfturnier Dierikon&#8211; Fasnachtsumzug Root&#8211; Horrorball Root&#8211; Tr\u00f6pfeler Ball Root&#8211; Uslompete&#8211; Steigr\u00f6bunacht und vielleicht auch bald f\u00fcr Ihren<\/p>\n","protected":false},"author":1,"featured_media":0,"parent":0,"menu_order":4,"comment_status":"closed","ping_status":"closed","template":"","meta":{"jetpack_post_was_ever_published":false,"footnotes":""},"class_list":["post-15","page","type-page","status-publish","hentry"],"jetpack_sharing_enabled":true,"jetpack_shortlink":"https:\/\/wp.me\/P924LW-f","jetpack-related-posts":[{"id":936,"url":"https:\/\/www.samariter.huwyler.photos\/?page_id=936","url_meta":{"origin":15,"position":0},"title":"Beherzt Spenden","author":"Thomas Huwiler","date":"8. November 2023","format":false,"excerpt":"Warum Ihre Spende bei uns in guten H\u00e4nden ist Sehr geehrte Freunde und G\u00f6nnerGanz herzlich danken wir f\u00fcr Ihre Treue und das Wohlwollen gegen\u00fcber unserem Verein. Nach wie vor sind wir auf Ihre Spende angewiesen, damit der Samariterverein Root und Umgebung all seine Aufgaben weiterhin wahrnehmen kann. Wir ben\u00f6tigen den\u2026","rel":"","context":"\u00c4hnlicher Beitrag","block_context":{"text":"\u00c4hnlicher Beitrag","link":""},"img":{"alt_text":"","src":"https:\/\/i0.wp.com\/www.samariter.huwyler.photos\/wp-content\/uploads\/2023\/11\/TWINT_Individueller-Betrag_DE.png?resize=350%2C200&ssl=1","width":350,"height":200,"srcset":"https:\/\/i0.wp.com\/www.samariter.huwyler.photos\/wp-content\/uploads\/2023\/11\/TWINT_Individueller-Betrag_DE.png?resize=350%2C200&ssl=1 1x, https:\/\/i0.wp.com\/www.samariter.huwyler.photos\/wp-content\/uploads\/2023\/11\/TWINT_Individueller-Betrag_DE.png?resize=525%2C300&ssl=1 1.5x, https:\/\/i0.wp.com\/www.samariter.huwyler.photos\/wp-content\/uploads\/2023\/11\/TWINT_Individueller-Betrag_DE.png?resize=700%2C400&ssl=1 2x, https:\/\/i0.wp.com\/www.samariter.huwyler.photos\/wp-content\/uploads\/2023\/11\/TWINT_Individueller-Betrag_DE.png?resize=1050%2C600&ssl=1 3x"},"classes":[]},{"id":276,"url":"https:\/\/www.samariter.huwyler.photos\/?page_id=276","url_meta":{"origin":15,"position":1},"title":"10 Gr\u00fcnde..","author":"Thomas Huwiler","date":"24. Februar 2017","format":false,"excerpt":"... um im Samariterverein dabei zu sein: Ich weiss, was im Notfall zu tun ist. Ich leiste bei Unf\u00e4llen zu Hause Selbsthilfe. Bei Verkehrsunf\u00e4llen stehe ich nicht ratlos im Abseits. Ich erlebe spannende Eins\u00e4tze beim Sanit\u00e4tsdienst. Ich eigne mir Wissen in Erster Hilfe und Medizin an (Aus- und Weiterbildung) Ich\u2026","rel":"","context":"\u00c4hnlicher Beitrag","block_context":{"text":"\u00c4hnlicher Beitrag","link":""},"img":{"alt_text":"","src":"https:\/\/i0.wp.com\/www.samariter.huwyler.photos\/wp-content\/uploads\/2017\/02\/9sami_blumenschenker-300x289.jpg?resize=350%2C200","width":350,"height":200},"classes":[]},{"id":38,"url":"https:\/\/www.samariter.huwyler.photos\/?page_id=38","url_meta":{"origin":15,"position":2},"title":"Kursanmeldung","author":"Thomas Huwiler","date":"29. Dezember 2016","format":false,"excerpt":"Zur Zeit haben wir folgende Kurse ausgesghrieben: Um den Zahlungsverkehr zu vereinfachen und wir nicht mit den Kursbeitr\u00e4gen zur Bank gehen m\u00fcssen, m\u00f6chten wir euch bitten, den Kurs im Voraus auf unser Konto bei der Raiffeisenbank Root zu \u00fcberweisen. Unsere IBAN Nr.: CH53 8080 8007 6924 8511 3Samariterverein Root und\u2026","rel":"","context":"\u00c4hnlicher Beitrag","block_context":{"text":"\u00c4hnlicher Beitrag","link":""},"img":{"alt_text":"","src":"","width":0,"height":0},"classes":[]},{"id":344,"url":"https:\/\/www.samariter.huwyler.photos\/?page_id=344","url_meta":{"origin":15,"position":3},"title":"Notf\u00e4lle bei Kleinkindern","author":"Thomas Huwiler","date":"12. M\u00e4rz 2017","format":false,"excerpt":"Im Kurs Notf\u00e4lle bei Kleinkindern erlernen Sie sicheres Handeln im Umgang mit Kindern in Notfallsituationen. Insbesondere liegt der Fokus des Kurses auf dem korrekten Vorgehen und der Anwendung von Erste-Hilfe-Massnahmen bei ansprechbaren, wie auch bewusstlosen oder leblosen Kindern. Inhalt Auf abwechslungsreiche und spielerische Weise trainieren Sie anhand realistisch nachgestellter Szenarien\u2026","rel":"","context":"\u00c4hnlicher Beitrag","block_context":{"text":"\u00c4hnlicher Beitrag","link":""},"img":{"alt_text":"","src":"","width":0,"height":0},"classes":[]},{"id":160,"url":"https:\/\/www.samariter.huwyler.photos\/?page_id=160","url_meta":{"origin":15,"position":4},"title":"Nothilfekurs &#8211; Blended Learning","author":"Thomas Huwiler","date":"16. Februar 2017","format":false,"excerpt":"Beschreibung\u00a0 Der Selbstlern-Nothilfekurs f\u00fcr F\u00fchrerausweiserwerbende Im Nothilfekurs erlernen Sie lebensrettende Sofortmassnahmen. Diese erm\u00f6glichen es Ihnen, bei Verkehrsunf\u00e4llen sicher Erste Hilfe zu leisten und bei medizinischen Notf\u00e4llen die richtigen Massnahmen zu treffen. Der Kurs ist f\u00fcr F\u00fchrerausweiserwerbende obligatorisch. Im Gegensatz zum herk\u00f6mmlichen Nothilfekurs besteht dieser Kurs aus einem Selbstlernteil f\u00fcr die\u2026","rel":"","context":"\u00c4hnlicher Beitrag","block_context":{"text":"\u00c4hnlicher Beitrag","link":""},"img":{"alt_text":"","src":"","width":0,"height":0},"classes":[]},{"id":36,"url":"https:\/\/www.samariter.huwyler.photos\/?page_id=36","url_meta":{"origin":15,"position":5},"title":"Nothilfekurs","author":"Thomas Huwiler","date":"29. Dezember 2016","format":false,"excerpt":"Beschreibung\u00a0 Der obligatorische Erste-Hilfe-Kurs f\u00fcr F\u00fchrerausweiserwerbende Im Nothilfekurs erlernen Sie lebensrettende Sofortmassnahmen. Diese erm\u00f6glichen es Ihnen, bei Verkehrsunf\u00e4llen sicher Erste Hilfe zu leisten und bei medizinischen Notf\u00e4llen die richtigen Massnahmen zu treffen. Der Kurs ist f\u00fcr F\u00fchrerausweiserwerbende obligatorisch. Flyer zum Download Inhalt Auf abwechslungsreiche und spielerische Weise trainieren Sie in\u2026","rel":"","context":"\u00c4hnlicher Beitrag","block_context":{"text":"\u00c4hnlicher Beitrag","link":""},"img":{"alt_text":"","src":"https:\/\/i0.wp.com\/www.samariter.huwyler.photos\/wp-content\/uploads\/2017\/02\/7Sami_Autofahrer_seitlich-283x300.jpg?resize=350%2C200","width":350,"height":200},"classes":[]}],"jetpack_likes_enabled":true,"_links":{"self":[{"href":"https:\/\/www.samariter.huwyler.photos\/index.php?rest_route=\/wp\/v2\/pages\/15","targetHints":{"allow":["GET"]}}],"collection":[{"href":"https:\/\/www.samariter.huwyler.photos\/index.php?rest_route=\/wp\/v2\/pages"}],"about":[{"href":"https:\/\/www.samariter.huwyler.photos\/index.php?rest_route=\/wp\/v2\/types\/page"}],"author":[{"embeddable":true,"href":"https:\/\/www.samariter.huwyler.photos\/index.php?rest_route=\/wp\/v2\/users\/1"}],"replies":[{"embeddable":true,"href":"https:\/\/www.samariter.huwyler.photos\/index.php?rest_route=%2Fwp%2Fv2%2Fcomments&post=15"}],"version-history":[{"count":20,"href":"https:\/\/www.samariter.huwyler.photos\/index.php?rest_route=\/wp\/v2\/pages\/15\/revisions"}],"predecessor-version":[{"id":1047,"href":"https:\/\/www.samariter.huwyler.photos\/index.php?rest_route=\/wp\/v2\/pages\/15\/revisions\/1047"}],"wp:attachment":[{"href":"https:\/\/www.samariter.huwyler.photos\/index.php?rest_route=%2Fwp%2Fv2%2Fmedia&parent=15"}],"curies":[{"name":"wp","href":"https:\/\/api.w.org\/{rel}","templated":true}]}}